{"id":9156,"date":"2026-03-05T15:53:36","date_gmt":"2026-03-05T14:53:36","guid":{"rendered":"https:\/\/omohonia.es\/shop\/uncategorized\/metallic-white-zeus-bodysuit\/"},"modified":"2026-03-11T18:18:16","modified_gmt":"2026-03-11T17:18:16","slug":"bodysuit-zeus-blanco-metalico","status":"publish","type":"product","link":"https:\/\/omohonia.es\/en\/shop\/body-en\/bodysuit-en\/bodysuit-zeus-blanco-metalico\/","title":{"rendered":"Bodysuit ZEUS blanco met\u00e1lico"},"content":{"rendered":"<h2 align=\"left\">Bodysuit ZEUS blanco met\u00e1lico<\/h2>\n<p><span style=\"font-weight: 400;\">Bodysuit ZEUS blanco met\u00e1lico,<\/span>\u00a0<span style=\"font-weight: 400;\">Tejido flexible y confortable.<\/span><\/p>\n<p><span style=\"font-weight: 400;\">Desarrollo y producci\u00f3n Omohonia 100% en Espa\u00f1a.<\/span><\/p>\n<h3>Caracter\u00edsticas del Bodysuit:<\/h3>\n<p align=\"left\"><span style=\"font-weight: 400;\">\u00a0El <a href=\"https:\/\/omohonia.es\/en\/product-category\/body-en\/\">bodysuit<\/a> masculino met\u00e1lico blanco m<\/span><span style=\"font-weight: 400;\">anga corta, es muy sexy estiliza tu cuerpo al m\u00e1ximo. C\u00f3modo con cremallera invisible trasera, detalle de tul negro que se ajustar\u00e1 perfectamente a tu cuerpo. <\/span><\/p>\n<p align=\"left\"><span style=\"font-weight: 400;\">Terminaciones en bies para su mejor confort y sujeci\u00f3n<\/span>\u00a0que te sentir\u00e1s espectacular teniendo libertad en tus movimientos.<\/p>\n<p align=\"left\"><strong>Textil Italiano de alta calidad.<\/strong><\/p>\n<p align=\"left\">Nuestro modelo esta usando una talla M y mide 180cm.<\/p>\n<p align=\"left\">Los colores pueden tener alg\u00fan cambio, una vez que todas las fotos son realizadas en estudio, por cuenda de iluminacion puede tener una diferencia.<\/p>\n<p align=\"left\">Solo se aceptar\u00e1n cambios o devoluciones si el art\u00edculo no est\u00e1 usado o da\u00f1ado, con sus etiquetas originales, en las mismas condiciones en que se entreg\u00f3.<\/p>\n<h3>Composici\u00f3n:<\/h3>\n<p align=\"left\"><i>80% Poliamida, 20% Elastano.<\/i><\/p>\n<h3>Cuidados:<\/h3>\n<p align=\"left\"><span style=\"font-weight: 400;\">Nuestros tejidos son de alta calidad, aun as\u00ed, siempre recomendamos tener cuidado a la hora de lavarlo, para una mayor vida de nuestra prenda.<\/span><\/p>\n<p align=\"left\">tener mayor cuidado con contacto con productos corrosivos.<\/p>\n<p align=\"left\"><i>Para prolongar la vida \u00fatil de su producto, lavar en ciclo delicado o a mano, enjuague con agua fr\u00eda. <\/i><\/p>\n<p align=\"left\"><i>NO USAR SECADORA.<\/i><\/p>\n<p align=\"left\">Pude ver mas de nuestros modelos <a href=\"https:\/\/omohonia.es\/en\/product-category\/body-en\/\">aqu\u00ed<\/a><\/p>\n<p align=\"left\"><a href=\"https:\/\/www.miamibeachpride.com\/\">Perfecto para utilizar en este evento\u00a0<\/a><\/p>\n<p align=\"left\"><a style=\"font-size: 26px;\" href=\"https:\/\/www.gomadridpride.com\/listings\/omohonia\/\"><span style=\"color: #ffffff;\">Blanco met\u00e1lico<\/span><\/a><\/p>\n","protected":false},"excerpt":{"rendered":"<table class=\" aligncenter\" style=\"width: 388px; height: 220px;\" border=\"0\">\n<caption>Tabla de medidas:<\/caption>\n<tbody>\n<tr style=\"height: 23px;\">\n<th style=\"width: 45.9375px; height: 23px;\">Talla<\/th>\n<th style=\"width: 50px; height: 23px;\">XS<\/th>\n<th style=\"width: 56px; height: 23px;\">S<\/th>\n<th style=\"width: 60px; height: 23px;\">M<\/th>\n<th style=\"width: 64px; height: 23px;\">L<\/th>\n<th style=\"width: 70px; height: 23px;\">XL<\/th>\n<\/tr>\n<tr style=\"height: 46px;\">\n<td style=\"width: 45.9375px; height: 46px;\">Cintura<\/td>\n<td style=\"width: 50px; height: 46px;\">71-75<\/td>\n<td style=\"width: 56px; height: 46px;\">76-82<\/td>\n<td style=\"width: 60px; height: 46px;\">83-90<\/td>\n<td style=\"width: 64px; height: 46px;\">91-99<\/td>\n<td style=\"width: 70px; height: 46px;\">100-109<\/td>\n<\/tr>\n<tr style=\"height: 46px;\">\n<td style=\"width: 45.9375px; height: 46px;\">Torax<\/td>\n<td style=\"width: 50px; height: 46px;\">83-86<\/td>\n<td style=\"width: 56px; height: 46px;\">87-92<\/td>\n<td style=\"width: 60px; height: 46px;\">92-100<\/td>\n<td style=\"width: 64px; height: 46px;\">101-108<\/td>\n<td style=\"width: 70px; height: 46px;\">109-118<\/td>\n<\/tr>\n<tr style=\"height: 23px;\">\n<td style=\"width: 45.9375px; height: 23px;\">Cadera<\/td>\n<td style=\"width: 50px; height: 23px;\">82-86<\/td>\n<td style=\"width: 56px; height: 23px;\">87-93<\/td>\n<td style=\"width: 60px; height: 23px;\">94-101<\/td>\n<td style=\"width: 64px; height: 23px;\">102-110<\/td>\n<td style=\"width: 70px; height: 23px;\">111-119<\/td>\n<\/tr>\n<\/tbody>\n<\/table>\n","protected":false},"featured_media":8397,"comment_status":"open","ping_status":"closed","template":"","meta":{"_et_pb_use_builder":"off","_et_pb_old_content":"<p align=\"left\">Bodysuit long ZEUS NEGRO red negro<\/p>\r\n<span style=\"font-weight: 400\">Hecho a mano.<\/span>\r\n\r\n<span style=\"font-weight: 400\">Tejido flexible y confortable.<\/span>\r\n\r\n<span style=\"font-weight: 400\">Desarrollo y producci\u00f3n Omohonia 100% en Espa\u00f1a.<\/span>\r\n<h3>Caracter\u00edsticas:<\/h3>\r\n<p align=\"left\"><span style=\"font-weight: 400\">Nuestro dise\u00f1o ZEUS NEGRO es muy sexy estiliza tu cuerpo al m\u00e1ximo. C\u00f3modo con cremallera invisible trasera, detalle de tul negro que se ajustar\u00e1 perfectamente a tu cuerpo. <\/span><\/p>\r\n<p align=\"left\"><span style=\"font-weight: 400\">Terminaciones en bies para su mejor confort y sujeci\u00f3n<\/span>\u00a0que te sentir\u00e1s espectacular teniendo libertad en tus movimientos.<\/p>\r\n\r\n<h3>Composici\u00f3n:<\/h3>\r\n<p align=\"left\"><i>80% Poliamida, 20% Elastano.<\/i><\/p>\r\n\r\n<h3>Cuidados:<\/h3>\r\n<p align=\"left\"><span style=\"font-weight: 400\">Nuestros tejidos son de alta calidad, aun as\u00ed, siempre recomendamos tener cuidado a la hora de lavarlo, para una mayor vida de nuestra prenda.<\/span><\/p>\r\n<p align=\"left\">tener mayor cuidado con contacto con productos corrosivos.<\/p>\r\n<p align=\"left\"><i>Para prolongar la vida \u00fatil de su producto, lavar en ciclo delicado o a mano, enjuague con agua fr\u00eda.<\/i><\/p>","_et_gb_content_width":""},"product_brand":[],"product_cat":[67,68,69,87],"product_tag":[],"class_list":{"0":"post-9156","1":"product","2":"type-product","3":"status-publish","4":"has-post-thumbnail","6":"product_cat-body-en","7":"product_cat-bodysuit-en","8":"product_cat-bodysuit-long","9":"product_cat-new-collection-en","11":"first","12":"instock","13":"taxable","14":"shipping-taxable","15":"purchasable","16":"product-type-variable"},"yoast_head":"<!-- This site is optimized with the Yoast SEO plugin v27.1.1 - https:\/\/yoast.com\/product\/yoast-seo-wordpress\/ -->\n<title>Bodysuit ZEUS blanco met\u00e1lico - Omohonia<\/title>\n<meta name=\"description\" content=\"Bodysuit masculino blanco met\u00e1lico con manga detalle en red transparente producto sexy confortable. tallas S M L XL envio gratis Europa hecho en Espa\u00f1a\" \/>\n<meta name=\"robots\" content=\"index, follow, max-snippet:-1, max-image-preview:large, max-video-preview:-1\" \/>\n<link rel=\"canonical\" href=\"https:\/\/omohonia.es\/en\/shop\/body-en\/bodysuit-en\/bodysuit-zeus-blanco-metalico\/\" \/>\n<meta property=\"og:locale\" content=\"en_US\" \/>\n<meta property=\"og:type\" content=\"article\" \/>\n<meta property=\"og:title\" content=\"Bodysuit ZEUS blanco met\u00e1lico - Omohonia\" \/>\n<meta property=\"og:description\" content=\"Bodysuit masculino blanco met\u00e1lico con manga detalle en red transparente producto sexy confortable. tallas S M L XL envio gratis Europa hecho en Espa\u00f1a\" \/>\n<meta property=\"og:url\" content=\"https:\/\/omohonia.es\/en\/shop\/body-en\/bodysuit-en\/bodysuit-zeus-blanco-metalico\/\" \/>\n<meta property=\"og:site_name\" content=\"Omohonia\" \/>\n<meta property=\"article:publisher\" content=\"https:\/\/www.facebook.com\/p\/Omohonia-men-100069389871233\/?locale=es_ES\" \/>\n<meta property=\"article:modified_time\" content=\"2026-03-11T17:18:16+00:00\" \/>\n<meta property=\"og:image\" content=\"https:\/\/omohonia.es\/wp-content\/uploads\/2023\/11\/1F0A9493-scaled.jpg\" \/>\n\t<meta property=\"og:image:width\" content=\"2048\" \/>\n\t<meta property=\"og:image:height\" content=\"2560\" \/>\n\t<meta property=\"og:image:type\" content=\"image\/jpeg\" \/>\n<meta name=\"twitter:card\" content=\"summary_large_image\" \/>\n<meta name=\"twitter:label1\" content=\"Est. reading time\" \/>\n\t<meta name=\"twitter:data1\" content=\"1 minute\" \/>\n<script type=\"application\/ld+json\" class=\"yoast-schema-graph\">{\"@context\":\"https:\/\/schema.org\",\"@graph\":[{\"@type\":\"WebPage\",\"@id\":\"https:\/\/omohonia.es\/en\/shop\/body-en\/bodysuit-en\/bodysuit-zeus-blanco-metalico\/\",\"url\":\"https:\/\/omohonia.es\/en\/shop\/body-en\/bodysuit-en\/bodysuit-zeus-blanco-metalico\/\",\"name\":\"Bodysuit ZEUS blanco met\u00e1lico - Omohonia\",\"isPartOf\":{\"@id\":\"https:\/\/omohonia.es\/en\/#website\"},\"primaryImageOfPage\":{\"@id\":\"https:\/\/omohonia.es\/en\/shop\/body-en\/bodysuit-en\/bodysuit-zeus-blanco-metalico\/#primaryimage\"},\"image\":{\"@id\":\"https:\/\/omohonia.es\/en\/shop\/body-en\/bodysuit-en\/bodysuit-zeus-blanco-metalico\/#primaryimage\"},\"thumbnailUrl\":\"https:\/\/omohonia.es\/wp-content\/uploads\/2023\/11\/1F0A9493-scaled.jpg\",\"datePublished\":\"2026-03-05T14:53:36+00:00\",\"dateModified\":\"2026-03-11T17:18:16+00:00\",\"description\":\"Bodysuit masculino blanco met\u00e1lico con manga detalle en red transparente producto sexy confortable. tallas S M L XL envio gratis Europa hecho en Espa\u00f1a\",\"breadcrumb\":{\"@id\":\"https:\/\/omohonia.es\/en\/shop\/body-en\/bodysuit-en\/bodysuit-zeus-blanco-metalico\/#breadcrumb\"},\"inLanguage\":\"en-US\",\"potentialAction\":[{\"@type\":\"ReadAction\",\"target\":[\"https:\/\/omohonia.es\/en\/shop\/body-en\/bodysuit-en\/bodysuit-zeus-blanco-metalico\/\"]}]},{\"@type\":\"ImageObject\",\"inLanguage\":\"en-US\",\"@id\":\"https:\/\/omohonia.es\/en\/shop\/body-en\/bodysuit-en\/bodysuit-zeus-blanco-metalico\/#primaryimage\",\"url\":\"https:\/\/omohonia.es\/wp-content\/uploads\/2023\/11\/1F0A9493-scaled.jpg\",\"contentUrl\":\"https:\/\/omohonia.es\/wp-content\/uploads\/2023\/11\/1F0A9493-scaled.jpg\",\"width\":2048,\"height\":2560,\"caption\":\"bodysuit zeus\"},{\"@type\":\"BreadcrumbList\",\"@id\":\"https:\/\/omohonia.es\/en\/shop\/body-en\/bodysuit-en\/bodysuit-zeus-blanco-metalico\/#breadcrumb\",\"itemListElement\":[{\"@type\":\"ListItem\",\"position\":1,\"name\":\"Portada\",\"item\":\"https:\/\/omohonia.es\/en\/\"},{\"@type\":\"ListItem\",\"position\":2,\"name\":\"Omohonia Shop\",\"item\":\"https:\/\/omohonia.es\/\"},{\"@type\":\"ListItem\",\"position\":3,\"name\":\"Bodysuit ZEUS blanco met\u00e1lico\"}]},{\"@type\":\"WebSite\",\"@id\":\"https:\/\/omohonia.es\/en\/#website\",\"url\":\"https:\/\/omohonia.es\/en\/\",\"name\":\"Omohonia\",\"description\":\"Ba\u00f1adores y ropa interior producido en Espa\u00f1a\",\"publisher\":{\"@id\":\"https:\/\/omohonia.es\/en\/#organization\"},\"potentialAction\":[{\"@type\":\"SearchAction\",\"target\":{\"@type\":\"EntryPoint\",\"urlTemplate\":\"https:\/\/omohonia.es\/en\/?s={search_term_string}\"},\"query-input\":{\"@type\":\"PropertyValueSpecification\",\"valueRequired\":true,\"valueName\":\"search_term_string\"}}],\"inLanguage\":\"en-US\"},{\"@type\":\"Organization\",\"@id\":\"https:\/\/omohonia.es\/en\/#organization\",\"name\":\"JOMOLETEXTIL S.L.\",\"url\":\"https:\/\/omohonia.es\/en\/\",\"logo\":{\"@type\":\"ImageObject\",\"inLanguage\":\"en-US\",\"@id\":\"https:\/\/omohonia.es\/en\/#\/schema\/logo\/image\/\",\"url\":\"https:\/\/omohonia.es\/wp-content\/uploads\/2023\/02\/Imagen-de-WhatsApp-2023-02-22-a-las-16.04.14.png\",\"contentUrl\":\"https:\/\/omohonia.es\/wp-content\/uploads\/2023\/02\/Imagen-de-WhatsApp-2023-02-22-a-las-16.04.14.png\",\"width\":842,\"height\":351,\"caption\":\"JOMOLETEXTIL S.L.\"},\"image\":{\"@id\":\"https:\/\/omohonia.es\/en\/#\/schema\/logo\/image\/\"},\"sameAs\":[\"https:\/\/www.facebook.com\/p\/Omohonia-men-100069389871233\/?locale=es_ES\"]}]}<\/script>\n<!-- \/ Yoast SEO plugin. -->","yoast_head_json":{"title":"Bodysuit ZEUS blanco met\u00e1lico - Omohonia","description":"Bodysuit masculino blanco met\u00e1lico con manga detalle en red transparente producto sexy confortable. tallas S M L XL envio gratis Europa hecho en Espa\u00f1a","robots":{"index":"index","follow":"follow","max-snippet":"max-snippet:-1","max-image-preview":"max-image-preview:large","max-video-preview":"max-video-preview:-1"},"canonical":"https:\/\/omohonia.es\/en\/shop\/body-en\/bodysuit-en\/bodysuit-zeus-blanco-metalico\/","og_locale":"en_US","og_type":"article","og_title":"Bodysuit ZEUS blanco met\u00e1lico - Omohonia","og_description":"Bodysuit masculino blanco met\u00e1lico con manga detalle en red transparente producto sexy confortable. tallas S M L XL envio gratis Europa hecho en Espa\u00f1a","og_url":"https:\/\/omohonia.es\/en\/shop\/body-en\/bodysuit-en\/bodysuit-zeus-blanco-metalico\/","og_site_name":"Omohonia","article_publisher":"https:\/\/www.facebook.com\/p\/Omohonia-men-100069389871233\/?locale=es_ES","article_modified_time":"2026-03-11T17:18:16+00:00","og_image":[{"width":2048,"height":2560,"url":"https:\/\/omohonia.es\/wp-content\/uploads\/2023\/11\/1F0A9493-scaled.jpg","type":"image\/jpeg"}],"twitter_card":"summary_large_image","twitter_misc":{"Est. reading time":"1 minute"},"schema":{"@context":"https:\/\/schema.org","@graph":[{"@type":"WebPage","@id":"https:\/\/omohonia.es\/en\/shop\/body-en\/bodysuit-en\/bodysuit-zeus-blanco-metalico\/","url":"https:\/\/omohonia.es\/en\/shop\/body-en\/bodysuit-en\/bodysuit-zeus-blanco-metalico\/","name":"Bodysuit ZEUS blanco met\u00e1lico - Omohonia","isPartOf":{"@id":"https:\/\/omohonia.es\/en\/#website"},"primaryImageOfPage":{"@id":"https:\/\/omohonia.es\/en\/shop\/body-en\/bodysuit-en\/bodysuit-zeus-blanco-metalico\/#primaryimage"},"image":{"@id":"https:\/\/omohonia.es\/en\/shop\/body-en\/bodysuit-en\/bodysuit-zeus-blanco-metalico\/#primaryimage"},"thumbnailUrl":"https:\/\/omohonia.es\/wp-content\/uploads\/2023\/11\/1F0A9493-scaled.jpg","datePublished":"2026-03-05T14:53:36+00:00","dateModified":"2026-03-11T17:18:16+00:00","description":"Bodysuit masculino blanco met\u00e1lico con manga detalle en red transparente producto sexy confortable. tallas S M L XL envio gratis Europa hecho en Espa\u00f1a","breadcrumb":{"@id":"https:\/\/omohonia.es\/en\/shop\/body-en\/bodysuit-en\/bodysuit-zeus-blanco-metalico\/#breadcrumb"},"inLanguage":"en-US","potentialAction":[{"@type":"ReadAction","target":["https:\/\/omohonia.es\/en\/shop\/body-en\/bodysuit-en\/bodysuit-zeus-blanco-metalico\/"]}]},{"@type":"ImageObject","inLanguage":"en-US","@id":"https:\/\/omohonia.es\/en\/shop\/body-en\/bodysuit-en\/bodysuit-zeus-blanco-metalico\/#primaryimage","url":"https:\/\/omohonia.es\/wp-content\/uploads\/2023\/11\/1F0A9493-scaled.jpg","contentUrl":"https:\/\/omohonia.es\/wp-content\/uploads\/2023\/11\/1F0A9493-scaled.jpg","width":2048,"height":2560,"caption":"bodysuit zeus"},{"@type":"BreadcrumbList","@id":"https:\/\/omohonia.es\/en\/shop\/body-en\/bodysuit-en\/bodysuit-zeus-blanco-metalico\/#breadcrumb","itemListElement":[{"@type":"ListItem","position":1,"name":"Portada","item":"https:\/\/omohonia.es\/en\/"},{"@type":"ListItem","position":2,"name":"Omohonia Shop","item":"https:\/\/omohonia.es\/"},{"@type":"ListItem","position":3,"name":"Bodysuit ZEUS blanco met\u00e1lico"}]},{"@type":"WebSite","@id":"https:\/\/omohonia.es\/en\/#website","url":"https:\/\/omohonia.es\/en\/","name":"Omohonia","description":"Ba\u00f1adores y ropa interior producido en Espa\u00f1a","publisher":{"@id":"https:\/\/omohonia.es\/en\/#organization"},"potentialAction":[{"@type":"SearchAction","target":{"@type":"EntryPoint","urlTemplate":"https:\/\/omohonia.es\/en\/?s={search_term_string}"},"query-input":{"@type":"PropertyValueSpecification","valueRequired":true,"valueName":"search_term_string"}}],"inLanguage":"en-US"},{"@type":"Organization","@id":"https:\/\/omohonia.es\/en\/#organization","name":"JOMOLETEXTIL S.L.","url":"https:\/\/omohonia.es\/en\/","logo":{"@type":"ImageObject","inLanguage":"en-US","@id":"https:\/\/omohonia.es\/en\/#\/schema\/logo\/image\/","url":"https:\/\/omohonia.es\/wp-content\/uploads\/2023\/02\/Imagen-de-WhatsApp-2023-02-22-a-las-16.04.14.png","contentUrl":"https:\/\/omohonia.es\/wp-content\/uploads\/2023\/02\/Imagen-de-WhatsApp-2023-02-22-a-las-16.04.14.png","width":842,"height":351,"caption":"JOMOLETEXTIL S.L."},"image":{"@id":"https:\/\/omohonia.es\/en\/#\/schema\/logo\/image\/"},"sameAs":["https:\/\/www.facebook.com\/p\/Omohonia-men-100069389871233\/?locale=es_ES"]}]}},"jetpack_sharing_enabled":true,"_links":{"self":[{"href":"https:\/\/omohonia.es\/en\/wp-json\/wp\/v2\/product\/9156","targetHints":{"allow":["GET"]}}],"collection":[{"href":"https:\/\/omohonia.es\/en\/wp-json\/wp\/v2\/product"}],"about":[{"href":"https:\/\/omohonia.es\/en\/wp-json\/wp\/v2\/types\/product"}],"replies":[{"embeddable":true,"href":"https:\/\/omohonia.es\/en\/wp-json\/wp\/v2\/comments?post=9156"}],"wp:featuredmedia":[{"embeddable":true,"href":"https:\/\/omohonia.es\/en\/wp-json\/wp\/v2\/media\/8397"}],"wp:attachment":[{"href":"https:\/\/omohonia.es\/en\/wp-json\/wp\/v2\/media?parent=9156"}],"wp:term":[{"taxonomy":"product_brand","embeddable":true,"href":"https:\/\/omohonia.es\/en\/wp-json\/wp\/v2\/product_brand?post=9156"},{"taxonomy":"product_cat","embeddable":true,"href":"https:\/\/omohonia.es\/en\/wp-json\/wp\/v2\/product_cat?post=9156"},{"taxonomy":"product_tag","embeddable":true,"href":"https:\/\/omohonia.es\/en\/wp-json\/wp\/v2\/product_tag?post=9156"}],"curies":[{"name":"wp","href":"https:\/\/api.w.org\/{rel}","templated":true}]}}