{"id":8907,"date":"2026-02-15T16:10:42","date_gmt":"2026-02-15T15:10:42","guid":{"rendered":"https:\/\/omohonia.es\/shop\/uncategorized\/marte-black-bodysuit\/"},"modified":"2026-03-06T17:27:58","modified_gmt":"2026-03-06T16:27:58","slug":"bodysuit-marte-negro","status":"publish","type":"product","link":"https:\/\/omohonia.es\/en\/shop\/body-en\/bodysuit-en\/bodysuit-marte-negro\/","title":{"rendered":"Bodysuit MARTE NEGRO"},"content":{"rendered":"<h1 align=\"left\">Bodysuit MARTE negro<\/h1>\n<p><span style=\"font-weight: 400;\">Bodysuit MARTE NEGRO Hecho a mano.<\/span><\/p>\n<p><span style=\"font-weight: 400;\">Tejido flexible y confortable.<\/span><\/p>\n<p><span style=\"font-weight: 400;\">Desarrollo y producci\u00f3n Omohonia 100% en Espa\u00f1a.<\/span><\/p>\n<h3>Caracter\u00edsticas:<\/h3>\n<p align=\"left\"><span style=\"font-weight: 400;\">Nuestro dise\u00f1o MARTE manga corta es muy sexy estiliza tu cuerpo al m\u00e1ximo. C\u00f3modo con cremallera invisible frontal, que se ajustar\u00e1 perfectamente a tu cuerpo. <\/span><\/p>\n<p align=\"left\"><span style=\"font-weight: 400;\">Terminaciones en bies para su mejor confort y sujeci\u00f3n<\/span>\u00a0que te sentir\u00e1s espectacular teniendo libertad en tus movimientos.<\/p>\n<p align=\"left\">Nuestro modelo esta usando una talla M y mide 180cm.<\/p>\n<p align=\"left\">Los colores pueden tener alg\u00fan cambio, una vez que todas las fotos son realizadas en estudio, por cuenda de iluminaci\u00f3n puede tener una diferencia.<\/p>\n<p align=\"left\">Solo se aceptar\u00e1n cambios o devoluciones si el art\u00edculo no est\u00e1 usado o da\u00f1ado, con sus etiquetas originales en las mismas condiciones en que se entreg\u00f3.<\/p>\n<h3>Composici\u00f3n:<\/h3>\n<p align=\"left\"><i>80% Poliamida, 20% Elastano.<\/i><\/p>\n<h3>Cuidados:<\/h3>\n<p align=\"left\"><span style=\"font-weight: 400;\">Nuestros tejidos son de alta calidad, aun as\u00ed, siempre recomendamos tener cuidado a la hora de lavarlo, para una mayor vida de nuestra prenda.<\/span><\/p>\n<p align=\"left\">tener mayor cuidado con contacto con productos corrosivos.<\/p>\n<p align=\"left\"><i>Para prolongar la vida \u00fatil de su producto, lavar en ciclo delicado o a mano, enjuague con agua fr\u00eda. <\/i><\/p>\n<p align=\"left\"><i>NO USAR SECADORA.<\/i><\/p>\n<p align=\"left\">Pude ver mas de nuestros modelos <a href=\"https:\/\/omohonia.es\/en\/product-category\/body-en\/\">aqu\u00ed<\/a><\/p>\n<p align=\"left\"><a href=\"https:\/\/www.gaytravel4u.es\/event\/berlin-gay-pride\/\">Perfecto para utilizar en este evento\u00a0<\/a><\/p>\n","protected":false},"excerpt":{"rendered":"<table class=\" aligncenter\" style=\"width: 388px; height: 220px;\" border=\"0\">\n<caption>Tabla de medidas:<\/caption>\n<tbody>\n<tr style=\"height: 23px;\">\n<th style=\"width: 45.9375px; height: 23px;\">Talla<\/th>\n<th style=\"width: 50px; height: 23px;\">XS<\/th>\n<th style=\"width: 56px; height: 23px;\">S<\/th>\n<th style=\"width: 60px; height: 23px;\">M<\/th>\n<th style=\"width: 64px; height: 23px;\">L<\/th>\n<th style=\"width: 70px; height: 23px;\">XL<\/th>\n<\/tr>\n<tr style=\"height: 46px;\">\n<td style=\"width: 45.9375px; height: 46px;\">Cintura<\/td>\n<td style=\"width: 50px; height: 46px;\">71-75<\/td>\n<td style=\"width: 56px; height: 46px;\">76-82<\/td>\n<td style=\"width: 60px; height: 46px;\">83-90<\/td>\n<td style=\"width: 64px; height: 46px;\">91-99<\/td>\n<td style=\"width: 70px; height: 46px;\">100-109<\/td>\n<\/tr>\n<tr style=\"height: 46px;\">\n<td style=\"width: 45.9375px; height: 46px;\">Torax<\/td>\n<td style=\"width: 50px; height: 46px;\">83-86<\/td>\n<td style=\"width: 56px; height: 46px;\">87-92<\/td>\n<td style=\"width: 60px; height: 46px;\">92-100<\/td>\n<td style=\"width: 64px; height: 46px;\">101-108<\/td>\n<td style=\"width: 70px; height: 46px;\">109-118<\/td>\n<\/tr>\n<tr style=\"height: 23px;\">\n<td style=\"width: 45.9375px; height: 23px;\">Cadera<\/td>\n<td style=\"width: 50px; height: 23px;\">82-86<\/td>\n<td style=\"width: 56px; height: 23px;\">87-93<\/td>\n<td style=\"width: 60px; height: 23px;\">94-101<\/td>\n<td style=\"width: 64px; height: 23px;\">102-110<\/td>\n<td style=\"width: 70px; height: 23px;\">111-119<\/td>\n<\/tr>\n<\/tbody>\n<\/table>\n","protected":false},"featured_media":7200,"comment_status":"open","ping_status":"closed","template":"","meta":{"_et_pb_use_builder":"","_et_pb_old_content":"","_et_gb_content_width":""},"product_brand":[],"product_cat":[67,68,63,87],"product_tag":[],"class_list":{"0":"post-8907","1":"product","2":"type-product","3":"status-publish","4":"has-post-thumbnail","6":"product_cat-body-en","7":"product_cat-bodysuit-en","8":"product_cat-linea2-en","9":"product_cat-new-collection-en","11":"first","12":"instock","13":"taxable","14":"shipping-taxable","15":"purchasable","16":"product-type-variable"},"yoast_head":"<!-- This site is optimized with the Yoast SEO plugin v27.1.1 - https:\/\/yoast.com\/product\/yoast-seo-wordpress\/ -->\n<title>Bodysuit MARTE NEGRO - Omohonia<\/title>\n<meta name=\"description\" content=\"bodysuit masculino MARTE NEGRO producto sexy confortable. tallas S M L XL hecho en Espa\u00f1a\" \/>\n<meta name=\"robots\" content=\"index, follow, max-snippet:-1, max-image-preview:large, max-video-preview:-1\" \/>\n<link rel=\"canonical\" href=\"https:\/\/omohonia.es\/en\/shop\/body-en\/bodysuit-en\/bodysuit-marte-negro\/\" \/>\n<meta property=\"og:locale\" content=\"en_US\" \/>\n<meta property=\"og:type\" content=\"article\" \/>\n<meta property=\"og:title\" content=\"Bodysuit MARTE NEGRO - Omohonia\" \/>\n<meta property=\"og:description\" content=\"bodysuit masculino MARTE NEGRO producto sexy confortable. tallas S M L XL hecho en Espa\u00f1a\" \/>\n<meta property=\"og:url\" content=\"https:\/\/omohonia.es\/en\/shop\/body-en\/bodysuit-en\/bodysuit-marte-negro\/\" \/>\n<meta property=\"og:site_name\" content=\"Omohonia\" \/>\n<meta property=\"article:publisher\" content=\"https:\/\/www.facebook.com\/p\/Omohonia-men-100069389871233\/?locale=es_ES\" \/>\n<meta property=\"article:modified_time\" content=\"2026-03-06T16:27:58+00:00\" \/>\n<meta property=\"og:image\" content=\"https:\/\/omohonia.es\/wp-content\/uploads\/2023\/03\/1F0A2787-scaled.jpg\" \/>\n\t<meta property=\"og:image:width\" content=\"2048\" \/>\n\t<meta property=\"og:image:height\" content=\"2560\" \/>\n\t<meta property=\"og:image:type\" content=\"image\/jpeg\" \/>\n<meta name=\"twitter:card\" content=\"summary_large_image\" \/>\n<meta name=\"twitter:label1\" content=\"Est. reading time\" \/>\n\t<meta name=\"twitter:data1\" content=\"1 minute\" \/>\n<script type=\"application\/ld+json\" class=\"yoast-schema-graph\">{\"@context\":\"https:\/\/schema.org\",\"@graph\":[{\"@type\":\"WebPage\",\"@id\":\"https:\/\/omohonia.es\/en\/shop\/body-en\/bodysuit-en\/bodysuit-marte-negro\/\",\"url\":\"https:\/\/omohonia.es\/en\/shop\/body-en\/bodysuit-en\/bodysuit-marte-negro\/\",\"name\":\"Bodysuit MARTE NEGRO - Omohonia\",\"isPartOf\":{\"@id\":\"https:\/\/omohonia.es\/en\/#website\"},\"primaryImageOfPage\":{\"@id\":\"https:\/\/omohonia.es\/en\/shop\/body-en\/bodysuit-en\/bodysuit-marte-negro\/#primaryimage\"},\"image\":{\"@id\":\"https:\/\/omohonia.es\/en\/shop\/body-en\/bodysuit-en\/bodysuit-marte-negro\/#primaryimage\"},\"thumbnailUrl\":\"https:\/\/omohonia.es\/wp-content\/uploads\/2023\/03\/1F0A2787-scaled.jpg\",\"datePublished\":\"2026-02-15T15:10:42+00:00\",\"dateModified\":\"2026-03-06T16:27:58+00:00\",\"description\":\"bodysuit masculino MARTE NEGRO producto sexy confortable. tallas S M L XL hecho en Espa\u00f1a\",\"breadcrumb\":{\"@id\":\"https:\/\/omohonia.es\/en\/shop\/body-en\/bodysuit-en\/bodysuit-marte-negro\/#breadcrumb\"},\"inLanguage\":\"en-US\",\"potentialAction\":[{\"@type\":\"ReadAction\",\"target\":[\"https:\/\/omohonia.es\/en\/shop\/body-en\/bodysuit-en\/bodysuit-marte-negro\/\"]}]},{\"@type\":\"ImageObject\",\"inLanguage\":\"en-US\",\"@id\":\"https:\/\/omohonia.es\/en\/shop\/body-en\/bodysuit-en\/bodysuit-marte-negro\/#primaryimage\",\"url\":\"https:\/\/omohonia.es\/wp-content\/uploads\/2023\/03\/1F0A2787-scaled.jpg\",\"contentUrl\":\"https:\/\/omohonia.es\/wp-content\/uploads\/2023\/03\/1F0A2787-scaled.jpg\",\"width\":2048,\"height\":2560},{\"@type\":\"BreadcrumbList\",\"@id\":\"https:\/\/omohonia.es\/en\/shop\/body-en\/bodysuit-en\/bodysuit-marte-negro\/#breadcrumb\",\"itemListElement\":[{\"@type\":\"ListItem\",\"position\":1,\"name\":\"Portada\",\"item\":\"https:\/\/omohonia.es\/en\/\"},{\"@type\":\"ListItem\",\"position\":2,\"name\":\"Omohonia Shop\",\"item\":\"https:\/\/omohonia.es\/\"},{\"@type\":\"ListItem\",\"position\":3,\"name\":\"Bodysuit MARTE NEGRO\"}]},{\"@type\":\"WebSite\",\"@id\":\"https:\/\/omohonia.es\/en\/#website\",\"url\":\"https:\/\/omohonia.es\/en\/\",\"name\":\"Omohonia\",\"description\":\"Ba\u00f1adores y ropa interior producido en Espa\u00f1a\",\"publisher\":{\"@id\":\"https:\/\/omohonia.es\/en\/#organization\"},\"potentialAction\":[{\"@type\":\"SearchAction\",\"target\":{\"@type\":\"EntryPoint\",\"urlTemplate\":\"https:\/\/omohonia.es\/en\/?s={search_term_string}\"},\"query-input\":{\"@type\":\"PropertyValueSpecification\",\"valueRequired\":true,\"valueName\":\"search_term_string\"}}],\"inLanguage\":\"en-US\"},{\"@type\":\"Organization\",\"@id\":\"https:\/\/omohonia.es\/en\/#organization\",\"name\":\"JOMOLETEXTIL S.L.\",\"url\":\"https:\/\/omohonia.es\/en\/\",\"logo\":{\"@type\":\"ImageObject\",\"inLanguage\":\"en-US\",\"@id\":\"https:\/\/omohonia.es\/en\/#\/schema\/logo\/image\/\",\"url\":\"https:\/\/omohonia.es\/wp-content\/uploads\/2023\/02\/Imagen-de-WhatsApp-2023-02-22-a-las-16.04.14.png\",\"contentUrl\":\"https:\/\/omohonia.es\/wp-content\/uploads\/2023\/02\/Imagen-de-WhatsApp-2023-02-22-a-las-16.04.14.png\",\"width\":842,\"height\":351,\"caption\":\"JOMOLETEXTIL S.L.\"},\"image\":{\"@id\":\"https:\/\/omohonia.es\/en\/#\/schema\/logo\/image\/\"},\"sameAs\":[\"https:\/\/www.facebook.com\/p\/Omohonia-men-100069389871233\/?locale=es_ES\"]}]}<\/script>\n<!-- \/ Yoast SEO plugin. -->","yoast_head_json":{"title":"Bodysuit MARTE NEGRO - Omohonia","description":"bodysuit masculino MARTE NEGRO producto sexy confortable. tallas S M L XL hecho en Espa\u00f1a","robots":{"index":"index","follow":"follow","max-snippet":"max-snippet:-1","max-image-preview":"max-image-preview:large","max-video-preview":"max-video-preview:-1"},"canonical":"https:\/\/omohonia.es\/en\/shop\/body-en\/bodysuit-en\/bodysuit-marte-negro\/","og_locale":"en_US","og_type":"article","og_title":"Bodysuit MARTE NEGRO - Omohonia","og_description":"bodysuit masculino MARTE NEGRO producto sexy confortable. tallas S M L XL hecho en Espa\u00f1a","og_url":"https:\/\/omohonia.es\/en\/shop\/body-en\/bodysuit-en\/bodysuit-marte-negro\/","og_site_name":"Omohonia","article_publisher":"https:\/\/www.facebook.com\/p\/Omohonia-men-100069389871233\/?locale=es_ES","article_modified_time":"2026-03-06T16:27:58+00:00","og_image":[{"width":2048,"height":2560,"url":"https:\/\/omohonia.es\/wp-content\/uploads\/2023\/03\/1F0A2787-scaled.jpg","type":"image\/jpeg"}],"twitter_card":"summary_large_image","twitter_misc":{"Est. reading time":"1 minute"},"schema":{"@context":"https:\/\/schema.org","@graph":[{"@type":"WebPage","@id":"https:\/\/omohonia.es\/en\/shop\/body-en\/bodysuit-en\/bodysuit-marte-negro\/","url":"https:\/\/omohonia.es\/en\/shop\/body-en\/bodysuit-en\/bodysuit-marte-negro\/","name":"Bodysuit MARTE NEGRO - Omohonia","isPartOf":{"@id":"https:\/\/omohonia.es\/en\/#website"},"primaryImageOfPage":{"@id":"https:\/\/omohonia.es\/en\/shop\/body-en\/bodysuit-en\/bodysuit-marte-negro\/#primaryimage"},"image":{"@id":"https:\/\/omohonia.es\/en\/shop\/body-en\/bodysuit-en\/bodysuit-marte-negro\/#primaryimage"},"thumbnailUrl":"https:\/\/omohonia.es\/wp-content\/uploads\/2023\/03\/1F0A2787-scaled.jpg","datePublished":"2026-02-15T15:10:42+00:00","dateModified":"2026-03-06T16:27:58+00:00","description":"bodysuit masculino MARTE NEGRO producto sexy confortable. tallas S M L XL hecho en Espa\u00f1a","breadcrumb":{"@id":"https:\/\/omohonia.es\/en\/shop\/body-en\/bodysuit-en\/bodysuit-marte-negro\/#breadcrumb"},"inLanguage":"en-US","potentialAction":[{"@type":"ReadAction","target":["https:\/\/omohonia.es\/en\/shop\/body-en\/bodysuit-en\/bodysuit-marte-negro\/"]}]},{"@type":"ImageObject","inLanguage":"en-US","@id":"https:\/\/omohonia.es\/en\/shop\/body-en\/bodysuit-en\/bodysuit-marte-negro\/#primaryimage","url":"https:\/\/omohonia.es\/wp-content\/uploads\/2023\/03\/1F0A2787-scaled.jpg","contentUrl":"https:\/\/omohonia.es\/wp-content\/uploads\/2023\/03\/1F0A2787-scaled.jpg","width":2048,"height":2560},{"@type":"BreadcrumbList","@id":"https:\/\/omohonia.es\/en\/shop\/body-en\/bodysuit-en\/bodysuit-marte-negro\/#breadcrumb","itemListElement":[{"@type":"ListItem","position":1,"name":"Portada","item":"https:\/\/omohonia.es\/en\/"},{"@type":"ListItem","position":2,"name":"Omohonia Shop","item":"https:\/\/omohonia.es\/"},{"@type":"ListItem","position":3,"name":"Bodysuit MARTE NEGRO"}]},{"@type":"WebSite","@id":"https:\/\/omohonia.es\/en\/#website","url":"https:\/\/omohonia.es\/en\/","name":"Omohonia","description":"Ba\u00f1adores y ropa interior producido en Espa\u00f1a","publisher":{"@id":"https:\/\/omohonia.es\/en\/#organization"},"potentialAction":[{"@type":"SearchAction","target":{"@type":"EntryPoint","urlTemplate":"https:\/\/omohonia.es\/en\/?s={search_term_string}"},"query-input":{"@type":"PropertyValueSpecification","valueRequired":true,"valueName":"search_term_string"}}],"inLanguage":"en-US"},{"@type":"Organization","@id":"https:\/\/omohonia.es\/en\/#organization","name":"JOMOLETEXTIL S.L.","url":"https:\/\/omohonia.es\/en\/","logo":{"@type":"ImageObject","inLanguage":"en-US","@id":"https:\/\/omohonia.es\/en\/#\/schema\/logo\/image\/","url":"https:\/\/omohonia.es\/wp-content\/uploads\/2023\/02\/Imagen-de-WhatsApp-2023-02-22-a-las-16.04.14.png","contentUrl":"https:\/\/omohonia.es\/wp-content\/uploads\/2023\/02\/Imagen-de-WhatsApp-2023-02-22-a-las-16.04.14.png","width":842,"height":351,"caption":"JOMOLETEXTIL S.L."},"image":{"@id":"https:\/\/omohonia.es\/en\/#\/schema\/logo\/image\/"},"sameAs":["https:\/\/www.facebook.com\/p\/Omohonia-men-100069389871233\/?locale=es_ES"]}]}},"jetpack_sharing_enabled":true,"_links":{"self":[{"href":"https:\/\/omohonia.es\/en\/wp-json\/wp\/v2\/product\/8907","targetHints":{"allow":["GET"]}}],"collection":[{"href":"https:\/\/omohonia.es\/en\/wp-json\/wp\/v2\/product"}],"about":[{"href":"https:\/\/omohonia.es\/en\/wp-json\/wp\/v2\/types\/product"}],"replies":[{"embeddable":true,"href":"https:\/\/omohonia.es\/en\/wp-json\/wp\/v2\/comments?post=8907"}],"wp:featuredmedia":[{"embeddable":true,"href":"https:\/\/omohonia.es\/en\/wp-json\/wp\/v2\/media\/7200"}],"wp:attachment":[{"href":"https:\/\/omohonia.es\/en\/wp-json\/wp\/v2\/media?parent=8907"}],"wp:term":[{"taxonomy":"product_brand","embeddable":true,"href":"https:\/\/omohonia.es\/en\/wp-json\/wp\/v2\/product_brand?post=8907"},{"taxonomy":"product_cat","embeddable":true,"href":"https:\/\/omohonia.es\/en\/wp-json\/wp\/v2\/product_cat?post=8907"},{"taxonomy":"product_tag","embeddable":true,"href":"https:\/\/omohonia.es\/en\/wp-json\/wp\/v2\/product_tag?post=8907"}],"curies":[{"name":"wp","href":"https:\/\/api.w.org\/{rel}","templated":true}]}}