{"id":8726,"date":"2025-10-15T12:00:03","date_gmt":"2025-10-15T10:00:03","guid":{"rendered":"https:\/\/omohonia.es\/shop\/uncategorized\/apolo-black-bodysuit\/"},"modified":"2025-12-23T20:01:32","modified_gmt":"2025-12-23T19:01:32","slug":"bodysuit-apolo-negro","status":"publish","type":"product","link":"https:\/\/omohonia.es\/en\/shop\/body-en\/bodysuit-en\/bodysuit-apolo-negro\/","title":{"rendered":"APOLO Black Bodysuit"},"content":{"rendered":"<p align=\"left\">Bodysuit APOLO BLACK. <span style=\"font-weight: 400;\">Handmade.<\/span><\/p>\n<p><span style=\"font-weight: 400;\">Flexible and comfortable fabric.<\/span><\/p>\n<p><span style=\"font-weight: 400;\">Omohonia development and production 100% in Spain.<\/span><\/p>\n<h3>Characteristics:<\/h3>\n<p align=\"left\"><span style=\"font-weight: 400;\">Nuestro dise\u00f1o APOLO Negro es muy sexy estiliza tu cuerpo al m\u00e1ximo. C\u00f3modo con cremallera invisible delantero<\/span>, detalle de red transparente que se ajustar\u00e1 perfectamente a tu cuerpo.  <\/p>\n<p align=\"left\"><span style=\"font-weight: 400;\">Bias endings for better comfort and support<\/span> that will make you feel spectacular having freedom in your movements.<\/p>\n<h3>Composition:<\/h3>\n<p align=\"left\"><i>80% Polyamide, 20% Elastane.<\/i><\/p>\n<h3>Care:<\/h3>\n<p align=\"left\"><span style=\"font-weight: 400;\">Our fabrics are of high quality, however, we always recommend taking care when washing them, for a longer life of our garment.<\/span><\/p>\n<p align=\"left\">Take greater care with contact with corrosive products.<\/p>\n<p align=\"left\"><i>Hand wash, rinse with cold water. Do not use a heat dryer.<\/i><\/p>\n","protected":false},"excerpt":{"rendered":"<table class=\" aligncenter\" style=\"width: 388px; height: 220px;\" border=\"0\">\n<caption>Measurement table:<\/caption>\n<tbody>\n<tr style=\"height: 23px;\">\n<th style=\"width: 45.9375px; height: 23px;\">Size<\/th>\n<th style=\"width: 50px; height: 23px;\">XS<\/th>\n<th style=\"width: 56px; height: 23px;\">S<\/th>\n<th style=\"width: 60px; height: 23px;\">M<\/th>\n<th style=\"width: 64px; height: 23px;\">L<\/th>\n<th style=\"width: 70px; height: 23px;\">XL<\/th>\n<\/tr>\n<tr style=\"height: 46px;\">\n<td style=\"width: 45.9375px; height: 46px;\">Waist<\/td>\n<td style=\"width: 50px; height: 46px;\">71-75<\/td>\n<td style=\"width: 56px; height: 46px;\">76-82<\/td>\n<td style=\"width: 60px; height: 46px;\">83-90<\/td>\n<td style=\"width: 64px; height: 46px;\">91-99<\/td>\n<td style=\"width: 70px; height: 46px;\">100-109<\/td>\n<\/tr>\n<tr style=\"height: 46px;\">\n<td style=\"width: 45.9375px; height: 46px;\">Chest<\/td>\n<td style=\"width: 50px; height: 46px;\">83-86<\/td>\n<td style=\"width: 56px; height: 46px;\">87-92<\/td>\n<td style=\"width: 60px; height: 46px;\">92-100<\/td>\n<td style=\"width: 64px; height: 46px;\">101-108<\/td>\n<td style=\"width: 70px; height: 46px;\">109-118<\/td>\n<\/tr>\n<tr style=\"height: 23px;\">\n<td style=\"width: 45.9375px; height: 23px;\">Hip<\/td>\n<td style=\"width: 50px; height: 23px;\">82-86<\/td>\n<td style=\"width: 56px; height: 23px;\">87-93<\/td>\n<td style=\"width: 60px; height: 23px;\">94-101<\/td>\n<td style=\"width: 64px; height: 23px;\">102-110<\/td>\n<td style=\"width: 70px; height: 23px;\">111-119<\/td>\n<\/tr>\n<\/tbody>\n<\/table>\n","protected":false},"featured_media":36326,"comment_status":"open","ping_status":"closed","template":"","meta":{"_et_pb_use_builder":"","_et_pb_old_content":"","_et_gb_content_width":""},"product_brand":[],"product_cat":[67,68,69,63,87,65],"product_tag":[],"class_list":{"0":"post-8726","1":"product","2":"type-product","3":"status-publish","4":"has-post-thumbnail","6":"product_cat-body-en","7":"product_cat-bodysuit-en","8":"product_cat-bodysuit-long","9":"product_cat-linea2-en","10":"product_cat-new-collection-en","11":"product_cat-singlet-en","13":"first","14":"instock","15":"taxable","16":"shipping-taxable","17":"purchasable","18":"product-type-variable"},"yoast_head":"<!-- This site is optimized with the Yoast SEO plugin v27.1.1 - https:\/\/yoast.com\/product\/yoast-seo-wordpress\/ -->\n<title>APOLO Black Bodysuit - Omohonia<\/title>\n<meta name=\"description\" content=\"Black male bodysuit with transparent mesh sleeve detail, sexy and comfortable product. sizes S M L XL free shipping to Europe made in Spain APOLO Black\" \/>\n<meta name=\"robots\" content=\"index, follow, max-snippet:-1, max-image-preview:large, max-video-preview:-1\" \/>\n<link rel=\"canonical\" href=\"https:\/\/omohonia.es\/en\/shop\/body-en\/bodysuit-en\/bodysuit-apolo-negro\/\" \/>\n<meta property=\"og:locale\" content=\"en_US\" \/>\n<meta property=\"og:type\" content=\"article\" \/>\n<meta property=\"og:title\" content=\"APOLO Black Bodysuit - Omohonia\" \/>\n<meta property=\"og:description\" content=\"Black male bodysuit with transparent mesh sleeve detail, sexy and comfortable product. sizes S M L XL free shipping to Europe made in Spain APOLO Black\" \/>\n<meta property=\"og:url\" content=\"https:\/\/omohonia.es\/en\/shop\/body-en\/bodysuit-en\/bodysuit-apolo-negro\/\" \/>\n<meta property=\"og:site_name\" content=\"Omohonia\" \/>\n<meta property=\"article:publisher\" content=\"https:\/\/www.facebook.com\/p\/Omohonia-men-100069389871233\/?locale=es_ES\" \/>\n<meta property=\"article:modified_time\" content=\"2025-12-23T19:01:32+00:00\" \/>\n<meta property=\"og:image\" content=\"https:\/\/omohonia.es\/wp-content\/uploads\/2025\/10\/Omohonia-Capa-342_9_11zon.webp\" \/>\n\t<meta property=\"og:image:width\" content=\"1106\" \/>\n\t<meta property=\"og:image:height\" content=\"1382\" \/>\n\t<meta property=\"og:image:type\" content=\"image\/webp\" \/>\n<meta name=\"twitter:card\" content=\"summary_large_image\" \/>\n<meta name=\"twitter:label1\" content=\"Est. reading time\" \/>\n\t<meta name=\"twitter:data1\" content=\"2 minutes\" \/>\n<script type=\"application\/ld+json\" class=\"yoast-schema-graph\">{\"@context\":\"https:\/\/schema.org\",\"@graph\":[{\"@type\":\"WebPage\",\"@id\":\"https:\/\/omohonia.es\/en\/shop\/body-en\/bodysuit-en\/bodysuit-apolo-negro\/\",\"url\":\"https:\/\/omohonia.es\/en\/shop\/body-en\/bodysuit-en\/bodysuit-apolo-negro\/\",\"name\":\"APOLO Black Bodysuit - Omohonia\",\"isPartOf\":{\"@id\":\"https:\/\/omohonia.es\/en\/#website\"},\"primaryImageOfPage\":{\"@id\":\"https:\/\/omohonia.es\/en\/shop\/body-en\/bodysuit-en\/bodysuit-apolo-negro\/#primaryimage\"},\"image\":{\"@id\":\"https:\/\/omohonia.es\/en\/shop\/body-en\/bodysuit-en\/bodysuit-apolo-negro\/#primaryimage\"},\"thumbnailUrl\":\"https:\/\/omohonia.es\/wp-content\/uploads\/2025\/10\/Omohonia-Capa-342_9_11zon.webp\",\"datePublished\":\"2025-10-15T10:00:03+00:00\",\"dateModified\":\"2025-12-23T19:01:32+00:00\",\"description\":\"Black male bodysuit with transparent mesh sleeve detail, sexy and comfortable product. sizes S M L XL free shipping to Europe made in Spain APOLO Black\",\"breadcrumb\":{\"@id\":\"https:\/\/omohonia.es\/en\/shop\/body-en\/bodysuit-en\/bodysuit-apolo-negro\/#breadcrumb\"},\"inLanguage\":\"en-US\",\"potentialAction\":[{\"@type\":\"ReadAction\",\"target\":[\"https:\/\/omohonia.es\/en\/shop\/body-en\/bodysuit-en\/bodysuit-apolo-negro\/\"]}]},{\"@type\":\"ImageObject\",\"inLanguage\":\"en-US\",\"@id\":\"https:\/\/omohonia.es\/en\/shop\/body-en\/bodysuit-en\/bodysuit-apolo-negro\/#primaryimage\",\"url\":\"https:\/\/omohonia.es\/wp-content\/uploads\/2025\/10\/Omohonia-Capa-342_9_11zon.webp\",\"contentUrl\":\"https:\/\/omohonia.es\/wp-content\/uploads\/2025\/10\/Omohonia-Capa-342_9_11zon.webp\",\"width\":1106,\"height\":1382,\"caption\":\"Bodysuit APOLO Negro\"},{\"@type\":\"BreadcrumbList\",\"@id\":\"https:\/\/omohonia.es\/en\/shop\/body-en\/bodysuit-en\/bodysuit-apolo-negro\/#breadcrumb\",\"itemListElement\":[{\"@type\":\"ListItem\",\"position\":1,\"name\":\"Portada\",\"item\":\"https:\/\/omohonia.es\/en\/\"},{\"@type\":\"ListItem\",\"position\":2,\"name\":\"Omohonia Shop\",\"item\":\"https:\/\/omohonia.es\/\"},{\"@type\":\"ListItem\",\"position\":3,\"name\":\"APOLO Black Bodysuit\"}]},{\"@type\":\"WebSite\",\"@id\":\"https:\/\/omohonia.es\/en\/#website\",\"url\":\"https:\/\/omohonia.es\/en\/\",\"name\":\"Omohonia\",\"description\":\"Ba\u00f1adores y ropa interior producido en Espa\u00f1a\",\"publisher\":{\"@id\":\"https:\/\/omohonia.es\/en\/#organization\"},\"potentialAction\":[{\"@type\":\"SearchAction\",\"target\":{\"@type\":\"EntryPoint\",\"urlTemplate\":\"https:\/\/omohonia.es\/en\/?s={search_term_string}\"},\"query-input\":{\"@type\":\"PropertyValueSpecification\",\"valueRequired\":true,\"valueName\":\"search_term_string\"}}],\"inLanguage\":\"en-US\"},{\"@type\":\"Organization\",\"@id\":\"https:\/\/omohonia.es\/en\/#organization\",\"name\":\"JOMOLETEXTIL S.L.\",\"url\":\"https:\/\/omohonia.es\/en\/\",\"logo\":{\"@type\":\"ImageObject\",\"inLanguage\":\"en-US\",\"@id\":\"https:\/\/omohonia.es\/en\/#\/schema\/logo\/image\/\",\"url\":\"https:\/\/omohonia.es\/wp-content\/uploads\/2023\/02\/Imagen-de-WhatsApp-2023-02-22-a-las-16.04.14.png\",\"contentUrl\":\"https:\/\/omohonia.es\/wp-content\/uploads\/2023\/02\/Imagen-de-WhatsApp-2023-02-22-a-las-16.04.14.png\",\"width\":842,\"height\":351,\"caption\":\"JOMOLETEXTIL S.L.\"},\"image\":{\"@id\":\"https:\/\/omohonia.es\/en\/#\/schema\/logo\/image\/\"},\"sameAs\":[\"https:\/\/www.facebook.com\/p\/Omohonia-men-100069389871233\/?locale=es_ES\"]}]}<\/script>\n<!-- \/ Yoast SEO plugin. -->","yoast_head_json":{"title":"APOLO Black Bodysuit - Omohonia","description":"Black male bodysuit with transparent mesh sleeve detail, sexy and comfortable product. sizes S M L XL free shipping to Europe made in Spain APOLO Black","robots":{"index":"index","follow":"follow","max-snippet":"max-snippet:-1","max-image-preview":"max-image-preview:large","max-video-preview":"max-video-preview:-1"},"canonical":"https:\/\/omohonia.es\/en\/shop\/body-en\/bodysuit-en\/bodysuit-apolo-negro\/","og_locale":"en_US","og_type":"article","og_title":"APOLO Black Bodysuit - Omohonia","og_description":"Black male bodysuit with transparent mesh sleeve detail, sexy and comfortable product. sizes S M L XL free shipping to Europe made in Spain APOLO Black","og_url":"https:\/\/omohonia.es\/en\/shop\/body-en\/bodysuit-en\/bodysuit-apolo-negro\/","og_site_name":"Omohonia","article_publisher":"https:\/\/www.facebook.com\/p\/Omohonia-men-100069389871233\/?locale=es_ES","article_modified_time":"2025-12-23T19:01:32+00:00","og_image":[{"width":1106,"height":1382,"url":"https:\/\/omohonia.es\/wp-content\/uploads\/2025\/10\/Omohonia-Capa-342_9_11zon.webp","type":"image\/webp"}],"twitter_card":"summary_large_image","twitter_misc":{"Est. reading time":"2 minutes"},"schema":{"@context":"https:\/\/schema.org","@graph":[{"@type":"WebPage","@id":"https:\/\/omohonia.es\/en\/shop\/body-en\/bodysuit-en\/bodysuit-apolo-negro\/","url":"https:\/\/omohonia.es\/en\/shop\/body-en\/bodysuit-en\/bodysuit-apolo-negro\/","name":"APOLO Black Bodysuit - Omohonia","isPartOf":{"@id":"https:\/\/omohonia.es\/en\/#website"},"primaryImageOfPage":{"@id":"https:\/\/omohonia.es\/en\/shop\/body-en\/bodysuit-en\/bodysuit-apolo-negro\/#primaryimage"},"image":{"@id":"https:\/\/omohonia.es\/en\/shop\/body-en\/bodysuit-en\/bodysuit-apolo-negro\/#primaryimage"},"thumbnailUrl":"https:\/\/omohonia.es\/wp-content\/uploads\/2025\/10\/Omohonia-Capa-342_9_11zon.webp","datePublished":"2025-10-15T10:00:03+00:00","dateModified":"2025-12-23T19:01:32+00:00","description":"Black male bodysuit with transparent mesh sleeve detail, sexy and comfortable product. sizes S M L XL free shipping to Europe made in Spain APOLO Black","breadcrumb":{"@id":"https:\/\/omohonia.es\/en\/shop\/body-en\/bodysuit-en\/bodysuit-apolo-negro\/#breadcrumb"},"inLanguage":"en-US","potentialAction":[{"@type":"ReadAction","target":["https:\/\/omohonia.es\/en\/shop\/body-en\/bodysuit-en\/bodysuit-apolo-negro\/"]}]},{"@type":"ImageObject","inLanguage":"en-US","@id":"https:\/\/omohonia.es\/en\/shop\/body-en\/bodysuit-en\/bodysuit-apolo-negro\/#primaryimage","url":"https:\/\/omohonia.es\/wp-content\/uploads\/2025\/10\/Omohonia-Capa-342_9_11zon.webp","contentUrl":"https:\/\/omohonia.es\/wp-content\/uploads\/2025\/10\/Omohonia-Capa-342_9_11zon.webp","width":1106,"height":1382,"caption":"Bodysuit APOLO Negro"},{"@type":"BreadcrumbList","@id":"https:\/\/omohonia.es\/en\/shop\/body-en\/bodysuit-en\/bodysuit-apolo-negro\/#breadcrumb","itemListElement":[{"@type":"ListItem","position":1,"name":"Portada","item":"https:\/\/omohonia.es\/en\/"},{"@type":"ListItem","position":2,"name":"Omohonia Shop","item":"https:\/\/omohonia.es\/"},{"@type":"ListItem","position":3,"name":"APOLO Black Bodysuit"}]},{"@type":"WebSite","@id":"https:\/\/omohonia.es\/en\/#website","url":"https:\/\/omohonia.es\/en\/","name":"Omohonia","description":"Ba\u00f1adores y ropa interior producido en Espa\u00f1a","publisher":{"@id":"https:\/\/omohonia.es\/en\/#organization"},"potentialAction":[{"@type":"SearchAction","target":{"@type":"EntryPoint","urlTemplate":"https:\/\/omohonia.es\/en\/?s={search_term_string}"},"query-input":{"@type":"PropertyValueSpecification","valueRequired":true,"valueName":"search_term_string"}}],"inLanguage":"en-US"},{"@type":"Organization","@id":"https:\/\/omohonia.es\/en\/#organization","name":"JOMOLETEXTIL S.L.","url":"https:\/\/omohonia.es\/en\/","logo":{"@type":"ImageObject","inLanguage":"en-US","@id":"https:\/\/omohonia.es\/en\/#\/schema\/logo\/image\/","url":"https:\/\/omohonia.es\/wp-content\/uploads\/2023\/02\/Imagen-de-WhatsApp-2023-02-22-a-las-16.04.14.png","contentUrl":"https:\/\/omohonia.es\/wp-content\/uploads\/2023\/02\/Imagen-de-WhatsApp-2023-02-22-a-las-16.04.14.png","width":842,"height":351,"caption":"JOMOLETEXTIL S.L."},"image":{"@id":"https:\/\/omohonia.es\/en\/#\/schema\/logo\/image\/"},"sameAs":["https:\/\/www.facebook.com\/p\/Omohonia-men-100069389871233\/?locale=es_ES"]}]}},"jetpack_sharing_enabled":true,"_links":{"self":[{"href":"https:\/\/omohonia.es\/en\/wp-json\/wp\/v2\/product\/8726","targetHints":{"allow":["GET"]}}],"collection":[{"href":"https:\/\/omohonia.es\/en\/wp-json\/wp\/v2\/product"}],"about":[{"href":"https:\/\/omohonia.es\/en\/wp-json\/wp\/v2\/types\/product"}],"replies":[{"embeddable":true,"href":"https:\/\/omohonia.es\/en\/wp-json\/wp\/v2\/comments?post=8726"}],"wp:featuredmedia":[{"embeddable":true,"href":"https:\/\/omohonia.es\/en\/wp-json\/wp\/v2\/media\/36326"}],"wp:attachment":[{"href":"https:\/\/omohonia.es\/en\/wp-json\/wp\/v2\/media?parent=8726"}],"wp:term":[{"taxonomy":"product_brand","embeddable":true,"href":"https:\/\/omohonia.es\/en\/wp-json\/wp\/v2\/product_brand?post=8726"},{"taxonomy":"product_cat","embeddable":true,"href":"https:\/\/omohonia.es\/en\/wp-json\/wp\/v2\/product_cat?post=8726"},{"taxonomy":"product_tag","embeddable":true,"href":"https:\/\/omohonia.es\/en\/wp-json\/wp\/v2\/product_tag?post=8726"}],"curies":[{"name":"wp","href":"https:\/\/api.w.org\/{rel}","templated":true}]}}