{"id":34999,"date":"2025-10-05T13:46:04","date_gmt":"2025-10-05T11:46:04","guid":{"rendered":"https:\/\/omohonia.es\/?post_type=product&#038;p=34999"},"modified":"2026-02-14T18:50:12","modified_gmt":"2026-02-14T17:50:12","slug":"tanga-spike-negro","status":"publish","type":"product","link":"https:\/\/omohonia.es\/en\/shop\/underwear-en\/tanga-spike-negro\/","title":{"rendered":"TANGA Spike Negro"},"content":{"rendered":"<h1 align=\"left\">TANGA Spike Negro<\/h1>\n<p align=\"left\">TANGA Spike Negro, Dise\u00f1ada para el hombre moderno que busca confort y provocar.<\/p>\n<p><span style=\"font-weight: 400;\">Desarrollo y producci\u00f3n Omohonia 100% <\/span>Hecho a mano en Espa\u00f1a.<\/p>\n<h2>Caracter\u00edsticas:<\/h2>\n<p align=\"left\">Ropa interior masculino textil Italiano de alta calidad y confort, cinturilla en goma el\u00e1stica Jacquard, uni\u00f3n del confort con licra. Detalle met\u00e1lico en los laterales de la cinturilla.<\/p>\n<p align=\"left\"><span style=\"font-weight: 400;\">Terminaciones en bies para su mejor confort y sujeci\u00f3n<\/span>\u00a0que te sentir\u00e1s espectacular teniendo libertad en tus movimientos.<\/p>\n<h6 align=\"left\"><strong> indicamos que compre la talla que ya usas normalmente de ropa interior de otras marcas.\u00a0<\/strong><\/h6>\n<p align=\"left\">Nuestro modelo esta usando una talla M y mide 180cm.<\/p>\n<p align=\"left\">Los colores pueden tener alg\u00fan cambio, una vez que todas las fotos son realizadas en estudio, por cuenda de iluminaci\u00f3n puede tener una diferencia.<\/p>\n<p align=\"left\">Seg\u00fan el BOE las prendas de uso intimo como los tangas no se aceptan devoluciones.<\/p>\n<h3>Composici\u00f3n:<\/h3>\n<p align=\"left\"><i>80% Poliamida, 20% Elastano.<\/i><\/p>\n<h3>Cuidados:<\/h3>\n<p align=\"left\"><i>Para prolongar la vida \u00fatil de su producto, lavar en ciclo delicado o a mano, enjuague con agua fr\u00eda despu\u00e9s de cada uso para eliminar el agua salada o el cloro. NO USAR SECADORA<\/i><\/p>\n<p align=\"left\">Pude ver mas de nuestros modelos <a href=\"https:\/\/omohonia.es\/en\/product-category\/thong\/\">aqu\u00ed<\/a><\/p>\n<p align=\"left\"><a href=\"https:\/\/www.circuitfestival.net\/\">Perfecto para utilizar en este evento\u00a0<\/a><\/p>\n<p align=\"left\">Lee en nuestro blog el siguiente art\u00edculo: \u00bfQU\u00c9 SON JOCKSTRAP? EXPLICADO POR OMOHONIA<\/p>\n<p align=\"left\">\n","protected":false},"excerpt":{"rendered":"<table class=\" aligncenter\" style=\"width: 388px; height: 220px;\" border=\"0\">\n<caption>Tabla de medidas:<\/caption>\n<tbody>\n<tr style=\"height: 23px;\">\n<th style=\"width: 45.9375px; height: 23px;\">Talla<\/th>\n<th style=\"width: 50px; height: 23px;\">XS<\/th>\n<th style=\"width: 56px; height: 23px;\">S<\/th>\n<th style=\"width: 60px; height: 23px;\">M<\/th>\n<th style=\"width: 64px; height: 23px;\">L<\/th>\n<th style=\"width: 70px; height: 23px;\">XL<\/th>\n<\/tr>\n<tr style=\"height: 46px;\">\n<td style=\"width: 45.9375px; height: 46px;\">Cintura<\/td>\n<td style=\"width: 50px; height: 46px;\">71-75<\/td>\n<td style=\"width: 56px; height: 46px;\">76-82<\/td>\n<td style=\"width: 60px; height: 46px;\">83-90<\/td>\n<td style=\"width: 64px; height: 46px;\">91-99<\/td>\n<td style=\"width: 70px; height: 46px;\">100-109<\/td>\n<\/tr>\n<tr style=\"height: 46px;\">\n<td style=\"width: 45.9375px; height: 46px;\">Torax<\/td>\n<td style=\"width: 50px; height: 46px;\">83-86<\/td>\n<td style=\"width: 56px; height: 46px;\">87-92<\/td>\n<td style=\"width: 60px; height: 46px;\">92-100<\/td>\n<td style=\"width: 64px; height: 46px;\">101-108<\/td>\n<td style=\"width: 70px; height: 46px;\">109-118<\/td>\n<\/tr>\n<tr style=\"height: 23px;\">\n<td style=\"width: 45.9375px; height: 23px;\">Cadera<\/td>\n<td style=\"width: 50px; height: 23px;\">82-86<\/td>\n<td style=\"width: 56px; height: 23px;\">87-93<\/td>\n<td style=\"width: 60px; height: 23px;\">94-101<\/td>\n<td style=\"width: 64px; height: 23px;\">102-110<\/td>\n<td style=\"width: 70px; height: 23px;\">111-119<\/td>\n<\/tr>\n<\/tbody>\n<\/table>\n","protected":false},"featured_media":36515,"comment_status":"open","ping_status":"closed","template":"","meta":{"_et_pb_use_builder":"off","_et_pb_old_content":"","_et_gb_content_width":""},"product_brand":[],"product_cat":[87,94,64],"product_tag":[],"class_list":{"0":"post-34999","1":"product","2":"type-product","3":"status-publish","4":"has-post-thumbnail","6":"product_cat-new-collection-en","7":"product_cat-thong","8":"product_cat-underwear-en","10":"first","11":"instock","12":"taxable","13":"shipping-taxable","14":"purchasable","15":"product-type-variable"},"yoast_head":"<!-- This site is optimized with the Yoast SEO plugin v27.1.1 - https:\/\/yoast.com\/product\/yoast-seo-wordpress\/ -->\n<title>TANGA Spike Negro - Omohonia<\/title>\n<meta name=\"description\" content=\"TANGA Spike Negro, modelo tanga con transparencias, confeccionado en tejido suave y el\u00e1stico. tallas S M L XL hecho en Espa\u00f1a. envio a todo el mundo.\" \/>\n<meta name=\"robots\" content=\"index, follow, max-snippet:-1, max-image-preview:large, max-video-preview:-1\" \/>\n<link rel=\"canonical\" href=\"https:\/\/omohonia.es\/en\/shop\/underwear-en\/tanga-spike-negro\/\" \/>\n<meta property=\"og:locale\" content=\"en_US\" \/>\n<meta property=\"og:type\" content=\"article\" \/>\n<meta property=\"og:title\" content=\"TANGA Spike Negro - Omohonia\" \/>\n<meta property=\"og:description\" content=\"TANGA Spike Negro, modelo tanga con transparencias, confeccionado en tejido suave y el\u00e1stico. tallas S M L XL hecho en Espa\u00f1a. envio a todo el mundo.\" \/>\n<meta property=\"og:url\" content=\"https:\/\/omohonia.es\/en\/shop\/underwear-en\/tanga-spike-negro\/\" \/>\n<meta property=\"og:site_name\" content=\"Omohonia\" \/>\n<meta property=\"article:publisher\" content=\"https:\/\/www.facebook.com\/p\/Omohonia-men-100069389871233\/?locale=es_ES\" \/>\n<meta property=\"article:modified_time\" content=\"2026-02-14T17:50:12+00:00\" \/>\n<meta property=\"og:image\" content=\"https:\/\/omohonia.es\/wp-content\/uploads\/2025\/10\/Omohonia-Capa-295_64_11zon.webp\" \/>\n\t<meta property=\"og:image:width\" content=\"1106\" \/>\n\t<meta property=\"og:image:height\" content=\"1382\" \/>\n\t<meta property=\"og:image:type\" content=\"image\/webp\" \/>\n<meta name=\"twitter:card\" content=\"summary_large_image\" \/>\n<meta name=\"twitter:label1\" content=\"Est. reading time\" \/>\n\t<meta name=\"twitter:data1\" content=\"2 minutes\" \/>\n<script type=\"application\/ld+json\" class=\"yoast-schema-graph\">{\"@context\":\"https:\/\/schema.org\",\"@graph\":[{\"@type\":\"WebPage\",\"@id\":\"https:\/\/omohonia.es\/en\/shop\/underwear-en\/tanga-spike-negro\/\",\"url\":\"https:\/\/omohonia.es\/en\/shop\/underwear-en\/tanga-spike-negro\/\",\"name\":\"TANGA Spike Negro - Omohonia\",\"isPartOf\":{\"@id\":\"https:\/\/omohonia.es\/en\/#website\"},\"primaryImageOfPage\":{\"@id\":\"https:\/\/omohonia.es\/en\/shop\/underwear-en\/tanga-spike-negro\/#primaryimage\"},\"image\":{\"@id\":\"https:\/\/omohonia.es\/en\/shop\/underwear-en\/tanga-spike-negro\/#primaryimage\"},\"thumbnailUrl\":\"https:\/\/omohonia.es\/wp-content\/uploads\/2025\/10\/Omohonia-Capa-295_64_11zon.webp\",\"datePublished\":\"2025-10-05T11:46:04+00:00\",\"dateModified\":\"2026-02-14T17:50:12+00:00\",\"description\":\"TANGA Spike Negro, modelo tanga con transparencias, confeccionado en tejido suave y el\u00e1stico. tallas S M L XL hecho en Espa\u00f1a. envio a todo el mundo.\",\"breadcrumb\":{\"@id\":\"https:\/\/omohonia.es\/en\/shop\/underwear-en\/tanga-spike-negro\/#breadcrumb\"},\"inLanguage\":\"en-US\",\"potentialAction\":[{\"@type\":\"ReadAction\",\"target\":[\"https:\/\/omohonia.es\/en\/shop\/underwear-en\/tanga-spike-negro\/\"]}]},{\"@type\":\"ImageObject\",\"inLanguage\":\"en-US\",\"@id\":\"https:\/\/omohonia.es\/en\/shop\/underwear-en\/tanga-spike-negro\/#primaryimage\",\"url\":\"https:\/\/omohonia.es\/wp-content\/uploads\/2025\/10\/Omohonia-Capa-295_64_11zon.webp\",\"contentUrl\":\"https:\/\/omohonia.es\/wp-content\/uploads\/2025\/10\/Omohonia-Capa-295_64_11zon.webp\",\"width\":1106,\"height\":1382,\"caption\":\"TANGA Spike Negro\"},{\"@type\":\"BreadcrumbList\",\"@id\":\"https:\/\/omohonia.es\/en\/shop\/underwear-en\/tanga-spike-negro\/#breadcrumb\",\"itemListElement\":[{\"@type\":\"ListItem\",\"position\":1,\"name\":\"Portada\",\"item\":\"https:\/\/omohonia.es\/en\/\"},{\"@type\":\"ListItem\",\"position\":2,\"name\":\"Omohonia Shop\",\"item\":\"https:\/\/omohonia.es\/\"},{\"@type\":\"ListItem\",\"position\":3,\"name\":\"TANGA Spike Negro\"}]},{\"@type\":\"WebSite\",\"@id\":\"https:\/\/omohonia.es\/en\/#website\",\"url\":\"https:\/\/omohonia.es\/en\/\",\"name\":\"Omohonia\",\"description\":\"Ba\u00f1adores y ropa interior producido en Espa\u00f1a\",\"publisher\":{\"@id\":\"https:\/\/omohonia.es\/en\/#organization\"},\"potentialAction\":[{\"@type\":\"SearchAction\",\"target\":{\"@type\":\"EntryPoint\",\"urlTemplate\":\"https:\/\/omohonia.es\/en\/?s={search_term_string}\"},\"query-input\":{\"@type\":\"PropertyValueSpecification\",\"valueRequired\":true,\"valueName\":\"search_term_string\"}}],\"inLanguage\":\"en-US\"},{\"@type\":\"Organization\",\"@id\":\"https:\/\/omohonia.es\/en\/#organization\",\"name\":\"JOMOLETEXTIL S.L.\",\"url\":\"https:\/\/omohonia.es\/en\/\",\"logo\":{\"@type\":\"ImageObject\",\"inLanguage\":\"en-US\",\"@id\":\"https:\/\/omohonia.es\/en\/#\/schema\/logo\/image\/\",\"url\":\"https:\/\/omohonia.es\/wp-content\/uploads\/2023\/02\/Imagen-de-WhatsApp-2023-02-22-a-las-16.04.14.png\",\"contentUrl\":\"https:\/\/omohonia.es\/wp-content\/uploads\/2023\/02\/Imagen-de-WhatsApp-2023-02-22-a-las-16.04.14.png\",\"width\":842,\"height\":351,\"caption\":\"JOMOLETEXTIL S.L.\"},\"image\":{\"@id\":\"https:\/\/omohonia.es\/en\/#\/schema\/logo\/image\/\"},\"sameAs\":[\"https:\/\/www.facebook.com\/p\/Omohonia-men-100069389871233\/?locale=es_ES\"]}]}<\/script>\n<!-- \/ Yoast SEO plugin. -->","yoast_head_json":{"title":"TANGA Spike Negro - Omohonia","description":"TANGA Spike Negro, modelo tanga con transparencias, confeccionado en tejido suave y el\u00e1stico. tallas S M L XL hecho en Espa\u00f1a. envio a todo el mundo.","robots":{"index":"index","follow":"follow","max-snippet":"max-snippet:-1","max-image-preview":"max-image-preview:large","max-video-preview":"max-video-preview:-1"},"canonical":"https:\/\/omohonia.es\/en\/shop\/underwear-en\/tanga-spike-negro\/","og_locale":"en_US","og_type":"article","og_title":"TANGA Spike Negro - Omohonia","og_description":"TANGA Spike Negro, modelo tanga con transparencias, confeccionado en tejido suave y el\u00e1stico. tallas S M L XL hecho en Espa\u00f1a. envio a todo el mundo.","og_url":"https:\/\/omohonia.es\/en\/shop\/underwear-en\/tanga-spike-negro\/","og_site_name":"Omohonia","article_publisher":"https:\/\/www.facebook.com\/p\/Omohonia-men-100069389871233\/?locale=es_ES","article_modified_time":"2026-02-14T17:50:12+00:00","og_image":[{"width":1106,"height":1382,"url":"https:\/\/omohonia.es\/wp-content\/uploads\/2025\/10\/Omohonia-Capa-295_64_11zon.webp","type":"image\/webp"}],"twitter_card":"summary_large_image","twitter_misc":{"Est. reading time":"2 minutes"},"schema":{"@context":"https:\/\/schema.org","@graph":[{"@type":"WebPage","@id":"https:\/\/omohonia.es\/en\/shop\/underwear-en\/tanga-spike-negro\/","url":"https:\/\/omohonia.es\/en\/shop\/underwear-en\/tanga-spike-negro\/","name":"TANGA Spike Negro - Omohonia","isPartOf":{"@id":"https:\/\/omohonia.es\/en\/#website"},"primaryImageOfPage":{"@id":"https:\/\/omohonia.es\/en\/shop\/underwear-en\/tanga-spike-negro\/#primaryimage"},"image":{"@id":"https:\/\/omohonia.es\/en\/shop\/underwear-en\/tanga-spike-negro\/#primaryimage"},"thumbnailUrl":"https:\/\/omohonia.es\/wp-content\/uploads\/2025\/10\/Omohonia-Capa-295_64_11zon.webp","datePublished":"2025-10-05T11:46:04+00:00","dateModified":"2026-02-14T17:50:12+00:00","description":"TANGA Spike Negro, modelo tanga con transparencias, confeccionado en tejido suave y el\u00e1stico. tallas S M L XL hecho en Espa\u00f1a. envio a todo el mundo.","breadcrumb":{"@id":"https:\/\/omohonia.es\/en\/shop\/underwear-en\/tanga-spike-negro\/#breadcrumb"},"inLanguage":"en-US","potentialAction":[{"@type":"ReadAction","target":["https:\/\/omohonia.es\/en\/shop\/underwear-en\/tanga-spike-negro\/"]}]},{"@type":"ImageObject","inLanguage":"en-US","@id":"https:\/\/omohonia.es\/en\/shop\/underwear-en\/tanga-spike-negro\/#primaryimage","url":"https:\/\/omohonia.es\/wp-content\/uploads\/2025\/10\/Omohonia-Capa-295_64_11zon.webp","contentUrl":"https:\/\/omohonia.es\/wp-content\/uploads\/2025\/10\/Omohonia-Capa-295_64_11zon.webp","width":1106,"height":1382,"caption":"TANGA Spike Negro"},{"@type":"BreadcrumbList","@id":"https:\/\/omohonia.es\/en\/shop\/underwear-en\/tanga-spike-negro\/#breadcrumb","itemListElement":[{"@type":"ListItem","position":1,"name":"Portada","item":"https:\/\/omohonia.es\/en\/"},{"@type":"ListItem","position":2,"name":"Omohonia Shop","item":"https:\/\/omohonia.es\/"},{"@type":"ListItem","position":3,"name":"TANGA Spike Negro"}]},{"@type":"WebSite","@id":"https:\/\/omohonia.es\/en\/#website","url":"https:\/\/omohonia.es\/en\/","name":"Omohonia","description":"Ba\u00f1adores y ropa interior producido en Espa\u00f1a","publisher":{"@id":"https:\/\/omohonia.es\/en\/#organization"},"potentialAction":[{"@type":"SearchAction","target":{"@type":"EntryPoint","urlTemplate":"https:\/\/omohonia.es\/en\/?s={search_term_string}"},"query-input":{"@type":"PropertyValueSpecification","valueRequired":true,"valueName":"search_term_string"}}],"inLanguage":"en-US"},{"@type":"Organization","@id":"https:\/\/omohonia.es\/en\/#organization","name":"JOMOLETEXTIL S.L.","url":"https:\/\/omohonia.es\/en\/","logo":{"@type":"ImageObject","inLanguage":"en-US","@id":"https:\/\/omohonia.es\/en\/#\/schema\/logo\/image\/","url":"https:\/\/omohonia.es\/wp-content\/uploads\/2023\/02\/Imagen-de-WhatsApp-2023-02-22-a-las-16.04.14.png","contentUrl":"https:\/\/omohonia.es\/wp-content\/uploads\/2023\/02\/Imagen-de-WhatsApp-2023-02-22-a-las-16.04.14.png","width":842,"height":351,"caption":"JOMOLETEXTIL S.L."},"image":{"@id":"https:\/\/omohonia.es\/en\/#\/schema\/logo\/image\/"},"sameAs":["https:\/\/www.facebook.com\/p\/Omohonia-men-100069389871233\/?locale=es_ES"]}]}},"jetpack_sharing_enabled":true,"_links":{"self":[{"href":"https:\/\/omohonia.es\/en\/wp-json\/wp\/v2\/product\/34999","targetHints":{"allow":["GET"]}}],"collection":[{"href":"https:\/\/omohonia.es\/en\/wp-json\/wp\/v2\/product"}],"about":[{"href":"https:\/\/omohonia.es\/en\/wp-json\/wp\/v2\/types\/product"}],"replies":[{"embeddable":true,"href":"https:\/\/omohonia.es\/en\/wp-json\/wp\/v2\/comments?post=34999"}],"wp:featuredmedia":[{"embeddable":true,"href":"https:\/\/omohonia.es\/en\/wp-json\/wp\/v2\/media\/36515"}],"wp:attachment":[{"href":"https:\/\/omohonia.es\/en\/wp-json\/wp\/v2\/media?parent=34999"}],"wp:term":[{"taxonomy":"product_brand","embeddable":true,"href":"https:\/\/omohonia.es\/en\/wp-json\/wp\/v2\/product_brand?post=34999"},{"taxonomy":"product_cat","embeddable":true,"href":"https:\/\/omohonia.es\/en\/wp-json\/wp\/v2\/product_cat?post=34999"},{"taxonomy":"product_tag","embeddable":true,"href":"https:\/\/omohonia.es\/en\/wp-json\/wp\/v2\/product_tag?post=34999"}],"curies":[{"name":"wp","href":"https:\/\/api.w.org\/{rel}","templated":true}]}}