{"id":12994,"date":"2024-09-20T00:00:20","date_gmt":"2024-09-19T22:00:20","guid":{"rendered":"https:\/\/omohonia.es\/?post_type=product&#038;p=12994"},"modified":"2026-01-03T17:10:36","modified_gmt":"2026-01-03T16:10:36","slug":"bodysuit-eolo-negro","status":"publish","type":"product","link":"https:\/\/omohonia.es\/en\/shop\/body-en\/bodysuit-en\/bodysuit-eolo-negro\/","title":{"rendered":"Bodysuit Eolo Negro"},"content":{"rendered":"<h2 align=\"left\">Bodysuit Eolo Negro<\/h2>\n<p><span style=\"font-weight: 400;\">Bodysuit Eolo Negro, <\/span>Lycra negra Italiana. <span style=\"font-weight: 400;\">Tejido flexible y confortable.<\/span><\/p>\n<p><span style=\"font-weight: 400;\">Omohonia development and production 100% Handmade in Spain.<\/span><\/p>\n<h2>Characteristics:<\/h2>\n<p align=\"left\"><span style=\"font-weight: 400;\">Bodysuit Eolo Negro tiene un dise\u00f1o sin mangas manga es muy sexy estiliza tu cuerpo al m\u00e1ximo con los cortes geom\u00e9tricos. Comfortable with invisible back zipper, transparency detail that will fit perfectly to your body. <\/span><\/p>\n<p align=\"left\"><span style=\"font-weight: 400;\">Bias endings for better comfort and support<\/span> that will make you feel spectacular having freedom in your movements.<\/p>\n<p align=\"left\">The prints may have some changes in location, color, and design, since many of our designs do not have a localized Print and are cut in different shapes on the fabric.<\/p>\n<p align=\"left\">Our model is wearing a size M and is 170cm tall.<\/p>\n<p align=\"left\">Exchanges or returns will only be accepted if the item is unused or damaged, with its original labels, and packaged in the same condition in which it was delivered.<\/p>\n<h3>Composition:<\/h3>\n<p align=\"left\"><i>80% Polyamide, 20% Elastane.<\/i><\/p>\n<h1>Care:<\/h1>\n<p align=\"left\"><span style=\"font-weight: 400;\">Our fabrics are of high quality, however, we always recommend taking care when washing them, for a longer life of our garment.<\/span><\/p>\n<p align=\"left\">Take greater care with contact with corrosive products.<\/p>\n<p align=\"left\"><i>To extend the life of your product, wash on delicate cycle or by hand, rinse with cold water. <\/i><\/p>\n<p align=\"left\"><i>DO NOT USE DRYER.<\/i><\/p>\n<p align=\"left\">I could see more of our models here <a href=\"https:\/\/omohonia.es\/en\/product-category\/body-en\/\">aqu\u00ed<\/a><\/p>\n<p align=\"left\"><a href=\"https:\/\/www.primaverasound.com\/es\">Perfecto para utilizar en este evento <\/a><\/p>\n","protected":false},"excerpt":{"rendered":"<table class=\" aligncenter\" style=\"width: 388px; height: 220px;\" border=\"0\">\n<caption>Measurement table:<\/caption>\n<tbody>\n<tr style=\"height: 23px;\">\n<th style=\"width: 45.9375px; height: 23px;\">Size<\/th>\n<th style=\"width: 50px; height: 23px;\">XS<\/th>\n<th style=\"width: 56px; height: 23px;\">S<\/th>\n<th style=\"width: 60px; height: 23px;\">M<\/th>\n<th style=\"width: 64px; height: 23px;\">L<\/th>\n<th style=\"width: 70px; height: 23px;\">XL<\/th>\n<\/tr>\n<tr style=\"height: 46px;\">\n<td style=\"width: 45.9375px; height: 46px;\">Waist<\/td>\n<td style=\"width: 50px; height: 46px;\">71-75<\/td>\n<td style=\"width: 56px; height: 46px;\">76-82<\/td>\n<td style=\"width: 60px; height: 46px;\">83-90<\/td>\n<td style=\"width: 64px; height: 46px;\">91-99<\/td>\n<td style=\"width: 70px; height: 46px;\">100-109<\/td>\n<\/tr>\n<tr style=\"height: 46px;\">\n<td style=\"width: 45.9375px; height: 46px;\">Chest<\/td>\n<td style=\"width: 50px; height: 46px;\">83-86<\/td>\n<td style=\"width: 56px; height: 46px;\">87-92<\/td>\n<td style=\"width: 60px; height: 46px;\">92-100<\/td>\n<td style=\"width: 64px; height: 46px;\">101-108<\/td>\n<td style=\"width: 70px; height: 46px;\">109-118<\/td>\n<\/tr>\n<tr style=\"height: 23px;\">\n<td style=\"width: 45.9375px; height: 23px;\">Hip<\/td>\n<td style=\"width: 50px; height: 23px;\">82-86<\/td>\n<td style=\"width: 56px; height: 23px;\">87-93<\/td>\n<td style=\"width: 60px; height: 23px;\">94-101<\/td>\n<td style=\"width: 64px; height: 23px;\">102-110<\/td>\n<td style=\"width: 70px; height: 23px;\">111-119<\/td>\n<\/tr>\n<\/tbody>\n<\/table>\n","protected":false},"featured_media":37349,"comment_status":"open","ping_status":"closed","template":"","meta":{"_et_pb_use_builder":"","_et_pb_old_content":"","_et_gb_content_width":""},"product_brand":[],"product_cat":[67,68],"product_tag":[],"class_list":{"0":"post-12994","1":"product","2":"type-product","3":"status-publish","4":"has-post-thumbnail","6":"product_cat-body-en","7":"product_cat-bodysuit-en","9":"first","10":"instock","11":"taxable","12":"shipping-taxable","13":"purchasable","14":"product-type-variable"},"yoast_head":"<!-- This site is optimized with the Yoast SEO plugin v27.1.1 - https:\/\/yoast.com\/product\/yoast-seo-wordpress\/ -->\n<title>Bodysuit Eolo Negro - Omohonia<\/title>\n<meta name=\"description\" content=\"ZEUS Shine men&#039;s bodysuit with short sleeves, transparent detail, comfortable sexy product. sizes S M L XL made in Spain...\" \/>\n<meta name=\"robots\" content=\"index, follow, max-snippet:-1, max-image-preview:large, max-video-preview:-1\" \/>\n<link rel=\"canonical\" href=\"https:\/\/omohonia.es\/en\/shop\/body-en\/bodysuit-en\/bodysuit-eolo-negro\/\" \/>\n<meta property=\"og:locale\" content=\"en_US\" \/>\n<meta property=\"og:type\" content=\"article\" \/>\n<meta property=\"og:title\" content=\"Bodysuit Eolo Negro - Omohonia\" \/>\n<meta property=\"og:description\" content=\"ZEUS Shine men&#039;s bodysuit with short sleeves, transparent detail, comfortable sexy product. sizes S M L XL made in Spain...\" \/>\n<meta property=\"og:url\" content=\"https:\/\/omohonia.es\/en\/shop\/body-en\/bodysuit-en\/bodysuit-eolo-negro\/\" \/>\n<meta property=\"og:site_name\" content=\"Omohonia\" \/>\n<meta property=\"article:publisher\" content=\"https:\/\/www.facebook.com\/p\/Omohonia-men-100069389871233\/?locale=es_ES\" \/>\n<meta property=\"article:modified_time\" content=\"2026-01-03T16:10:36+00:00\" \/>\n<meta property=\"og:image\" content=\"https:\/\/omohonia.es\/wp-content\/uploads\/2024\/09\/MG_0189_9_11zon_14_11zon-scaled.webp\" \/>\n\t<meta property=\"og:image:width\" content=\"2048\" \/>\n\t<meta property=\"og:image:height\" content=\"2560\" \/>\n\t<meta property=\"og:image:type\" content=\"image\/webp\" \/>\n<meta name=\"twitter:card\" content=\"summary_large_image\" \/>\n<meta name=\"twitter:label1\" content=\"Est. reading time\" \/>\n\t<meta name=\"twitter:data1\" content=\"2 minutes\" \/>\n<script type=\"application\/ld+json\" class=\"yoast-schema-graph\">{\"@context\":\"https:\/\/schema.org\",\"@graph\":[{\"@type\":\"WebPage\",\"@id\":\"https:\/\/omohonia.es\/en\/shop\/body-en\/bodysuit-en\/bodysuit-eolo-negro\/\",\"url\":\"https:\/\/omohonia.es\/en\/shop\/body-en\/bodysuit-en\/bodysuit-eolo-negro\/\",\"name\":\"Bodysuit Eolo Negro - Omohonia\",\"isPartOf\":{\"@id\":\"https:\/\/omohonia.es\/en\/#website\"},\"primaryImageOfPage\":{\"@id\":\"https:\/\/omohonia.es\/en\/shop\/body-en\/bodysuit-en\/bodysuit-eolo-negro\/#primaryimage\"},\"image\":{\"@id\":\"https:\/\/omohonia.es\/en\/shop\/body-en\/bodysuit-en\/bodysuit-eolo-negro\/#primaryimage\"},\"thumbnailUrl\":\"https:\/\/omohonia.es\/wp-content\/uploads\/2024\/09\/MG_0189_9_11zon_14_11zon-scaled.webp\",\"datePublished\":\"2024-09-19T22:00:20+00:00\",\"dateModified\":\"2026-01-03T16:10:36+00:00\",\"description\":\"ZEUS Shine men's bodysuit with short sleeves, transparent detail, comfortable sexy product. sizes S M L XL made in Spain...\",\"breadcrumb\":{\"@id\":\"https:\/\/omohonia.es\/en\/shop\/body-en\/bodysuit-en\/bodysuit-eolo-negro\/#breadcrumb\"},\"inLanguage\":\"en-US\",\"potentialAction\":[{\"@type\":\"ReadAction\",\"target\":[\"https:\/\/omohonia.es\/en\/shop\/body-en\/bodysuit-en\/bodysuit-eolo-negro\/\"]}]},{\"@type\":\"ImageObject\",\"inLanguage\":\"en-US\",\"@id\":\"https:\/\/omohonia.es\/en\/shop\/body-en\/bodysuit-en\/bodysuit-eolo-negro\/#primaryimage\",\"url\":\"https:\/\/omohonia.es\/wp-content\/uploads\/2024\/09\/MG_0189_9_11zon_14_11zon-scaled.webp\",\"contentUrl\":\"https:\/\/omohonia.es\/wp-content\/uploads\/2024\/09\/MG_0189_9_11zon_14_11zon-scaled.webp\",\"width\":2048,\"height\":2560,\"caption\":\"Bodysuit Eolo Negro\"},{\"@type\":\"BreadcrumbList\",\"@id\":\"https:\/\/omohonia.es\/en\/shop\/body-en\/bodysuit-en\/bodysuit-eolo-negro\/#breadcrumb\",\"itemListElement\":[{\"@type\":\"ListItem\",\"position\":1,\"name\":\"Portada\",\"item\":\"https:\/\/omohonia.es\/en\/\"},{\"@type\":\"ListItem\",\"position\":2,\"name\":\"Omohonia Shop\",\"item\":\"https:\/\/omohonia.es\/\"},{\"@type\":\"ListItem\",\"position\":3,\"name\":\"Bodysuit Eolo Negro\"}]},{\"@type\":\"WebSite\",\"@id\":\"https:\/\/omohonia.es\/en\/#website\",\"url\":\"https:\/\/omohonia.es\/en\/\",\"name\":\"Omohonia\",\"description\":\"Ba\u00f1adores y ropa interior producido en Espa\u00f1a\",\"publisher\":{\"@id\":\"https:\/\/omohonia.es\/en\/#organization\"},\"potentialAction\":[{\"@type\":\"SearchAction\",\"target\":{\"@type\":\"EntryPoint\",\"urlTemplate\":\"https:\/\/omohonia.es\/en\/?s={search_term_string}\"},\"query-input\":{\"@type\":\"PropertyValueSpecification\",\"valueRequired\":true,\"valueName\":\"search_term_string\"}}],\"inLanguage\":\"en-US\"},{\"@type\":\"Organization\",\"@id\":\"https:\/\/omohonia.es\/en\/#organization\",\"name\":\"JOMOLETEXTIL S.L.\",\"url\":\"https:\/\/omohonia.es\/en\/\",\"logo\":{\"@type\":\"ImageObject\",\"inLanguage\":\"en-US\",\"@id\":\"https:\/\/omohonia.es\/en\/#\/schema\/logo\/image\/\",\"url\":\"https:\/\/omohonia.es\/wp-content\/uploads\/2023\/02\/Imagen-de-WhatsApp-2023-02-22-a-las-16.04.14.png\",\"contentUrl\":\"https:\/\/omohonia.es\/wp-content\/uploads\/2023\/02\/Imagen-de-WhatsApp-2023-02-22-a-las-16.04.14.png\",\"width\":842,\"height\":351,\"caption\":\"JOMOLETEXTIL S.L.\"},\"image\":{\"@id\":\"https:\/\/omohonia.es\/en\/#\/schema\/logo\/image\/\"},\"sameAs\":[\"https:\/\/www.facebook.com\/p\/Omohonia-men-100069389871233\/?locale=es_ES\"]}]}<\/script>\n<!-- \/ Yoast SEO plugin. -->","yoast_head_json":{"title":"Bodysuit Eolo Negro - Omohonia","description":"ZEUS Shine men's bodysuit with short sleeves, transparent detail, comfortable sexy product. sizes S M L XL made in Spain...","robots":{"index":"index","follow":"follow","max-snippet":"max-snippet:-1","max-image-preview":"max-image-preview:large","max-video-preview":"max-video-preview:-1"},"canonical":"https:\/\/omohonia.es\/en\/shop\/body-en\/bodysuit-en\/bodysuit-eolo-negro\/","og_locale":"en_US","og_type":"article","og_title":"Bodysuit Eolo Negro - Omohonia","og_description":"ZEUS Shine men's bodysuit with short sleeves, transparent detail, comfortable sexy product. sizes S M L XL made in Spain...","og_url":"https:\/\/omohonia.es\/en\/shop\/body-en\/bodysuit-en\/bodysuit-eolo-negro\/","og_site_name":"Omohonia","article_publisher":"https:\/\/www.facebook.com\/p\/Omohonia-men-100069389871233\/?locale=es_ES","article_modified_time":"2026-01-03T16:10:36+00:00","og_image":[{"width":2048,"height":2560,"url":"https:\/\/omohonia.es\/wp-content\/uploads\/2024\/09\/MG_0189_9_11zon_14_11zon-scaled.webp","type":"image\/webp"}],"twitter_card":"summary_large_image","twitter_misc":{"Est. reading time":"2 minutes"},"schema":{"@context":"https:\/\/schema.org","@graph":[{"@type":"WebPage","@id":"https:\/\/omohonia.es\/en\/shop\/body-en\/bodysuit-en\/bodysuit-eolo-negro\/","url":"https:\/\/omohonia.es\/en\/shop\/body-en\/bodysuit-en\/bodysuit-eolo-negro\/","name":"Bodysuit Eolo Negro - Omohonia","isPartOf":{"@id":"https:\/\/omohonia.es\/en\/#website"},"primaryImageOfPage":{"@id":"https:\/\/omohonia.es\/en\/shop\/body-en\/bodysuit-en\/bodysuit-eolo-negro\/#primaryimage"},"image":{"@id":"https:\/\/omohonia.es\/en\/shop\/body-en\/bodysuit-en\/bodysuit-eolo-negro\/#primaryimage"},"thumbnailUrl":"https:\/\/omohonia.es\/wp-content\/uploads\/2024\/09\/MG_0189_9_11zon_14_11zon-scaled.webp","datePublished":"2024-09-19T22:00:20+00:00","dateModified":"2026-01-03T16:10:36+00:00","description":"ZEUS Shine men's bodysuit with short sleeves, transparent detail, comfortable sexy product. sizes S M L XL made in Spain...","breadcrumb":{"@id":"https:\/\/omohonia.es\/en\/shop\/body-en\/bodysuit-en\/bodysuit-eolo-negro\/#breadcrumb"},"inLanguage":"en-US","potentialAction":[{"@type":"ReadAction","target":["https:\/\/omohonia.es\/en\/shop\/body-en\/bodysuit-en\/bodysuit-eolo-negro\/"]}]},{"@type":"ImageObject","inLanguage":"en-US","@id":"https:\/\/omohonia.es\/en\/shop\/body-en\/bodysuit-en\/bodysuit-eolo-negro\/#primaryimage","url":"https:\/\/omohonia.es\/wp-content\/uploads\/2024\/09\/MG_0189_9_11zon_14_11zon-scaled.webp","contentUrl":"https:\/\/omohonia.es\/wp-content\/uploads\/2024\/09\/MG_0189_9_11zon_14_11zon-scaled.webp","width":2048,"height":2560,"caption":"Bodysuit Eolo Negro"},{"@type":"BreadcrumbList","@id":"https:\/\/omohonia.es\/en\/shop\/body-en\/bodysuit-en\/bodysuit-eolo-negro\/#breadcrumb","itemListElement":[{"@type":"ListItem","position":1,"name":"Portada","item":"https:\/\/omohonia.es\/en\/"},{"@type":"ListItem","position":2,"name":"Omohonia Shop","item":"https:\/\/omohonia.es\/"},{"@type":"ListItem","position":3,"name":"Bodysuit Eolo Negro"}]},{"@type":"WebSite","@id":"https:\/\/omohonia.es\/en\/#website","url":"https:\/\/omohonia.es\/en\/","name":"Omohonia","description":"Ba\u00f1adores y ropa interior producido en Espa\u00f1a","publisher":{"@id":"https:\/\/omohonia.es\/en\/#organization"},"potentialAction":[{"@type":"SearchAction","target":{"@type":"EntryPoint","urlTemplate":"https:\/\/omohonia.es\/en\/?s={search_term_string}"},"query-input":{"@type":"PropertyValueSpecification","valueRequired":true,"valueName":"search_term_string"}}],"inLanguage":"en-US"},{"@type":"Organization","@id":"https:\/\/omohonia.es\/en\/#organization","name":"JOMOLETEXTIL S.L.","url":"https:\/\/omohonia.es\/en\/","logo":{"@type":"ImageObject","inLanguage":"en-US","@id":"https:\/\/omohonia.es\/en\/#\/schema\/logo\/image\/","url":"https:\/\/omohonia.es\/wp-content\/uploads\/2023\/02\/Imagen-de-WhatsApp-2023-02-22-a-las-16.04.14.png","contentUrl":"https:\/\/omohonia.es\/wp-content\/uploads\/2023\/02\/Imagen-de-WhatsApp-2023-02-22-a-las-16.04.14.png","width":842,"height":351,"caption":"JOMOLETEXTIL S.L."},"image":{"@id":"https:\/\/omohonia.es\/en\/#\/schema\/logo\/image\/"},"sameAs":["https:\/\/www.facebook.com\/p\/Omohonia-men-100069389871233\/?locale=es_ES"]}]}},"jetpack_sharing_enabled":true,"_links":{"self":[{"href":"https:\/\/omohonia.es\/en\/wp-json\/wp\/v2\/product\/12994","targetHints":{"allow":["GET"]}}],"collection":[{"href":"https:\/\/omohonia.es\/en\/wp-json\/wp\/v2\/product"}],"about":[{"href":"https:\/\/omohonia.es\/en\/wp-json\/wp\/v2\/types\/product"}],"replies":[{"embeddable":true,"href":"https:\/\/omohonia.es\/en\/wp-json\/wp\/v2\/comments?post=12994"}],"wp:featuredmedia":[{"embeddable":true,"href":"https:\/\/omohonia.es\/en\/wp-json\/wp\/v2\/media\/37349"}],"wp:attachment":[{"href":"https:\/\/omohonia.es\/en\/wp-json\/wp\/v2\/media?parent=12994"}],"wp:term":[{"taxonomy":"product_brand","embeddable":true,"href":"https:\/\/omohonia.es\/en\/wp-json\/wp\/v2\/product_brand?post=12994"},{"taxonomy":"product_cat","embeddable":true,"href":"https:\/\/omohonia.es\/en\/wp-json\/wp\/v2\/product_cat?post=12994"},{"taxonomy":"product_tag","embeddable":true,"href":"https:\/\/omohonia.es\/en\/wp-json\/wp\/v2\/product_tag?post=12994"}],"curies":[{"name":"wp","href":"https:\/\/api.w.org\/{rel}","templated":true}]}}