{"id":11169,"date":"2025-09-20T00:10:43","date_gmt":"2025-09-19T22:10:43","guid":{"rendered":"https:\/\/omohonia.es\/?post_type=product&#038;p=11169"},"modified":"2026-03-10T18:04:29","modified_gmt":"2026-03-10T17:04:29","slug":"bodysuit-tifon-holographic","status":"publish","type":"product","link":"https:\/\/omohonia.es\/en\/shop\/body-en\/bodysuit-en\/bodysuit-tifon-holographic\/","title":{"rendered":"Bodysuit Tif\u00f3n holographic"},"content":{"rendered":"<h2 align=\"left\">Bodysuit Tif\u00f3n holographic.<\/h2>\n<p align=\"left\">Bodysuit Tif\u00f3n holographic, Su dise\u00f1o ajustado al cuerpo, resaltando las curvas de forma elegante y seductora. La transparencia a\u00f1ade un toque de misterio y provocaci\u00f3n, ya que revela partes estrat\u00e9gicas del cuerpo de manera sugerente.<\/p>\n<p>Tejido flexible y confortable. <span style=\"font-weight: 400;\">Desarrollo y producci\u00f3n Omohonia 100%\u00a0<\/span>Hecho a mano en Espa\u00f1a.<\/p>\n<h3>Caracter\u00edsticas:<\/h3>\n<p align=\"left\"><span style=\"font-weight: 400;\">Bodysuit holographic con un acabado brillante, es atractivo sexy y c\u00f3modo con tul transparente, detalle red trasparente que se ajustar\u00e1 perfectamente a tu cuerpo. <\/span><\/p>\n<p align=\"left\"><span style=\"font-weight: 400;\">Terminaciones en bies para su mejor confort y sujeci\u00f3n<\/span>\u00a0que te sentir\u00e1s espectacular teniendo libertad en tus movimientos.<\/p>\n<p align=\"left\">Nuestro modelo esta usando una talla M y mide 180cm.<\/p>\n<p align=\"left\">Los colores pueden tener alg\u00fan cambio, una vez que todas las fotos son realizadas en estudio, por cuenda de iluminaci\u00f3n puede tener una diferencia.<\/p>\n<p align=\"left\">Solo se aceptar\u00e1n cambios o devoluciones si el art\u00edculo no est\u00e1 usado o da\u00f1ado, con sus etiquetas originales en las mismas condiciones en que se entreg\u00f3.<\/p>\n<h4>Composici\u00f3n:<\/h4>\n<p align=\"left\"><i>80% Poliamida, 20% Elastano.<\/i><\/p>\n<h3>Cuidados:<\/h3>\n<p align=\"left\"><span style=\"font-weight: 400;\">Nuestros tejidos son de alta calidad, aun as\u00ed, siempre recomendamos tener cuidado a la hora de lavarlo, para una mayor vida de nuestra prenda.<\/span><\/p>\n<p align=\"left\">tener mayor cuidado con contacto con productos corrosivos.<\/p>\n<p align=\"left\"><i>Para prolongar la vida \u00fatil de su producto, lavar en ciclo delicado o a mano, enjuague con agua fr\u00eda. <\/i><\/p>\n<p align=\"left\"><i>NO USAR SECADORA.<\/i><\/p>\n<p align=\"left\">Pude ver mas de nuestros modelos <a href=\"https:\/\/omohonia.es\/en\/product-category\/body-en\/\">aqu\u00ed<\/a><\/p>\n<p align=\"left\"><a href=\"https:\/\/www.gaytravel4u.es\/event\/berlin-gay-pride\/\">Perfecto para utilizar en este evento\u00a0<\/a><\/p>\n","protected":false},"excerpt":{"rendered":"<table class=\" aligncenter\" style=\"width: 388px; height: 220px;\" border=\"0\">\n<caption>Tabla de medidas:<\/caption>\n<tbody>\n<tr style=\"height: 23px;\">\n<th style=\"width: 45.9375px; height: 23px;\">Talla<\/th>\n<th style=\"width: 50px; height: 23px;\">XS<\/th>\n<th style=\"width: 56px; height: 23px;\">S<\/th>\n<th style=\"width: 60px; height: 23px;\">M<\/th>\n<th style=\"width: 64px; height: 23px;\">L<\/th>\n<th style=\"width: 70px; height: 23px;\">XL<\/th>\n<\/tr>\n<tr style=\"height: 46px;\">\n<td style=\"width: 45.9375px; height: 46px;\">Cintura<\/td>\n<td style=\"width: 50px; height: 46px;\">71-75<\/td>\n<td style=\"width: 56px; height: 46px;\">76-82<\/td>\n<td style=\"width: 60px; height: 46px;\">83-90<\/td>\n<td style=\"width: 64px; height: 46px;\">91-99<\/td>\n<td style=\"width: 70px; height: 46px;\">100-109<\/td>\n<\/tr>\n<tr style=\"height: 46px;\">\n<td style=\"width: 45.9375px; height: 46px;\">Torax<\/td>\n<td style=\"width: 50px; height: 46px;\">83-86<\/td>\n<td style=\"width: 56px; height: 46px;\">87-92<\/td>\n<td style=\"width: 60px; height: 46px;\">92-100<\/td>\n<td style=\"width: 64px; height: 46px;\">101-108<\/td>\n<td style=\"width: 70px; height: 46px;\">109-118<\/td>\n<\/tr>\n<tr style=\"height: 23px;\">\n<td style=\"width: 45.9375px; height: 23px;\">Cadera<\/td>\n<td style=\"width: 50px; height: 23px;\">82-86<\/td>\n<td style=\"width: 56px; height: 23px;\">87-93<\/td>\n<td style=\"width: 60px; height: 23px;\">94-101<\/td>\n<td style=\"width: 64px; height: 23px;\">102-110<\/td>\n<td style=\"width: 70px; height: 23px;\">111-119<\/td>\n<\/tr>\n<\/tbody>\n<\/table>\n","protected":false},"featured_media":33414,"comment_status":"open","ping_status":"closed","template":"","meta":{"_et_pb_use_builder":"off","_et_pb_old_content":"<h2 align=\"left\">Bodysuit Tif\u00f3n holographic.<\/h2>\r\n<p align=\"left\">Bodysuit Tif\u00f3n holographic, Su dise\u00f1o ajustado al cuerpo, resaltando las curvas de forma elegante y seductora. La transparencia a\u00f1ade un toque de misterio y provocaci\u00f3n, ya que revela partes estrat\u00e9gicas del cuerpo de manera sugerente.<\/p>\r\nTejido flexible y confortable.\r\n\r\n<span style=\"font-weight: 400\">Desarrollo y producci\u00f3n Omohonia 100%\u00a0<\/span>Hecho a mano en Espa\u00f1a.\r\n<h3>Caracter\u00edsticas:<\/h3>\r\n<p align=\"left\"><span style=\"font-weight: 400\">Bodysuit holographic con un acabado brillante, es atractivo sexy y c\u00f3modo con tul transparente, detalle red trasparente que se ajustar\u00e1 perfectamente a tu cuerpo. <\/span><\/p>\r\n<p align=\"left\"><span style=\"font-weight: 400\">Terminaciones en bies para su mejor confort y sujeci\u00f3n<\/span>\u00a0que te sentir\u00e1s espectacular teniendo libertad en tus movimientos.<\/p>\r\n<p align=\"left\">Nuestro modelo esta usando una talla M y mide 170cm.<\/p>\r\n<p align=\"left\">Solo se aceptar\u00e1n cambios o devoluciones si el art\u00edculo no est\u00e1 usado o da\u00f1ado, con sus etiquetas originales, y embarajen en las mismas condiciones en que se entreg\u00f3.<\/p>\r\n\r\n<h4>Composici\u00f3n:<\/h4>\r\n<p align=\"left\"><i>80% Poliamida, 20% Elastano.<\/i><\/p>\r\n\r\n<h3>Cuidados:<\/h3>\r\n<p align=\"left\"><span style=\"font-weight: 400\">Nuestros tejidos son de alta calidad, aun as\u00ed, siempre recomendamos tener cuidado a la hora de lavarlo, para una mayor vida de nuestra prenda.<\/span><\/p>\r\n<p align=\"left\">tener mayor cuidado con contacto con productos corrosivos.<\/p>\r\n<i>Para prolongar la vida \u00fatil de su producto, lavar en ciclo delicado o a mano, enjuague con agua fr\u00eda. NO USAR SECADORA.<\/i>\r\n<p align=\"left\">Pude ver mas de nuestros modelos <a href=\"https:\/\/omohonia.es\/product-category\/body\/\">aqu\u00ed<\/a><\/p>\r\n<p align=\"left\"><a href=\"https:\/\/www.gaypride.fr\/\">Perfecto para utilizar en este evento\u00a0<\/a><\/p>","_et_gb_content_width":""},"product_brand":[],"product_cat":[67,68],"product_tag":[],"class_list":{"0":"post-11169","1":"product","2":"type-product","3":"status-publish","4":"has-post-thumbnail","6":"product_cat-body-en","7":"product_cat-bodysuit-en","9":"first","10":"instock","11":"taxable","12":"shipping-taxable","13":"purchasable","14":"product-type-variable"},"yoast_head":"<!-- This site is optimized with the Yoast SEO plugin v27.1.1 - https:\/\/yoast.com\/product\/yoast-seo-wordpress\/ -->\n<title>Bodysuit Tif\u00f3n holographic - Omohonia<\/title>\n<meta name=\"description\" content=\"Bodysuit Tif\u00f3n holographic. estilo cuero con red negro transparente. producto masculino sexy confortable. tallas XS S M L XL hecho en Espa\u00f1a ...\" \/>\n<meta name=\"robots\" content=\"index, follow, max-snippet:-1, max-image-preview:large, max-video-preview:-1\" \/>\n<link rel=\"canonical\" href=\"https:\/\/omohonia.es\/en\/shop\/body-en\/bodysuit-en\/bodysuit-tifon-holographic\/\" \/>\n<meta property=\"og:locale\" content=\"en_US\" \/>\n<meta property=\"og:type\" content=\"article\" \/>\n<meta property=\"og:title\" content=\"Bodysuit Tif\u00f3n holographic - Omohonia\" \/>\n<meta property=\"og:description\" content=\"Bodysuit Tif\u00f3n holographic. estilo cuero con red negro transparente. producto masculino sexy confortable. tallas XS S M L XL hecho en Espa\u00f1a ...\" \/>\n<meta property=\"og:url\" content=\"https:\/\/omohonia.es\/en\/shop\/body-en\/bodysuit-en\/bodysuit-tifon-holographic\/\" \/>\n<meta property=\"og:site_name\" content=\"Omohonia\" \/>\n<meta property=\"article:publisher\" content=\"https:\/\/www.facebook.com\/p\/Omohonia-men-100069389871233\/?locale=es_ES\" \/>\n<meta property=\"article:modified_time\" content=\"2026-03-10T17:04:29+00:00\" \/>\n<meta property=\"og:image\" content=\"https:\/\/omohonia.es\/wp-content\/uploads\/2025\/09\/1F0A5827-scaled.jpg\" \/>\n\t<meta property=\"og:image:width\" content=\"2048\" \/>\n\t<meta property=\"og:image:height\" content=\"2560\" \/>\n\t<meta property=\"og:image:type\" content=\"image\/jpeg\" \/>\n<meta name=\"twitter:card\" content=\"summary_large_image\" \/>\n<meta name=\"twitter:label1\" content=\"Est. reading time\" \/>\n\t<meta name=\"twitter:data1\" content=\"2 minutes\" \/>\n<script type=\"application\/ld+json\" class=\"yoast-schema-graph\">{\"@context\":\"https:\/\/schema.org\",\"@graph\":[{\"@type\":\"WebPage\",\"@id\":\"https:\/\/omohonia.es\/en\/shop\/body-en\/bodysuit-en\/bodysuit-tifon-holographic\/\",\"url\":\"https:\/\/omohonia.es\/en\/shop\/body-en\/bodysuit-en\/bodysuit-tifon-holographic\/\",\"name\":\"Bodysuit Tif\u00f3n holographic - Omohonia\",\"isPartOf\":{\"@id\":\"https:\/\/omohonia.es\/en\/#website\"},\"primaryImageOfPage\":{\"@id\":\"https:\/\/omohonia.es\/en\/shop\/body-en\/bodysuit-en\/bodysuit-tifon-holographic\/#primaryimage\"},\"image\":{\"@id\":\"https:\/\/omohonia.es\/en\/shop\/body-en\/bodysuit-en\/bodysuit-tifon-holographic\/#primaryimage\"},\"thumbnailUrl\":\"https:\/\/omohonia.es\/wp-content\/uploads\/2025\/09\/1F0A5827-scaled.jpg\",\"datePublished\":\"2025-09-19T22:10:43+00:00\",\"dateModified\":\"2026-03-10T17:04:29+00:00\",\"description\":\"Bodysuit Tif\u00f3n holographic. estilo cuero con red negro transparente. producto masculino sexy confortable. tallas XS S M L XL hecho en Espa\u00f1a ...\",\"breadcrumb\":{\"@id\":\"https:\/\/omohonia.es\/en\/shop\/body-en\/bodysuit-en\/bodysuit-tifon-holographic\/#breadcrumb\"},\"inLanguage\":\"en-US\",\"potentialAction\":[{\"@type\":\"ReadAction\",\"target\":[\"https:\/\/omohonia.es\/en\/shop\/body-en\/bodysuit-en\/bodysuit-tifon-holographic\/\"]}]},{\"@type\":\"ImageObject\",\"inLanguage\":\"en-US\",\"@id\":\"https:\/\/omohonia.es\/en\/shop\/body-en\/bodysuit-en\/bodysuit-tifon-holographic\/#primaryimage\",\"url\":\"https:\/\/omohonia.es\/wp-content\/uploads\/2025\/09\/1F0A5827-scaled.jpg\",\"contentUrl\":\"https:\/\/omohonia.es\/wp-content\/uploads\/2025\/09\/1F0A5827-scaled.jpg\",\"width\":2048,\"height\":2560,\"caption\":\"Bodysuit Tif\u00f3n holographic\"},{\"@type\":\"BreadcrumbList\",\"@id\":\"https:\/\/omohonia.es\/en\/shop\/body-en\/bodysuit-en\/bodysuit-tifon-holographic\/#breadcrumb\",\"itemListElement\":[{\"@type\":\"ListItem\",\"position\":1,\"name\":\"Portada\",\"item\":\"https:\/\/omohonia.es\/en\/\"},{\"@type\":\"ListItem\",\"position\":2,\"name\":\"Omohonia Shop\",\"item\":\"https:\/\/omohonia.es\/\"},{\"@type\":\"ListItem\",\"position\":3,\"name\":\"Bodysuit Tif\u00f3n holographic\"}]},{\"@type\":\"WebSite\",\"@id\":\"https:\/\/omohonia.es\/en\/#website\",\"url\":\"https:\/\/omohonia.es\/en\/\",\"name\":\"Omohonia\",\"description\":\"Ba\u00f1adores y ropa interior producido en Espa\u00f1a\",\"publisher\":{\"@id\":\"https:\/\/omohonia.es\/en\/#organization\"},\"potentialAction\":[{\"@type\":\"SearchAction\",\"target\":{\"@type\":\"EntryPoint\",\"urlTemplate\":\"https:\/\/omohonia.es\/en\/?s={search_term_string}\"},\"query-input\":{\"@type\":\"PropertyValueSpecification\",\"valueRequired\":true,\"valueName\":\"search_term_string\"}}],\"inLanguage\":\"en-US\"},{\"@type\":\"Organization\",\"@id\":\"https:\/\/omohonia.es\/en\/#organization\",\"name\":\"JOMOLETEXTIL S.L.\",\"url\":\"https:\/\/omohonia.es\/en\/\",\"logo\":{\"@type\":\"ImageObject\",\"inLanguage\":\"en-US\",\"@id\":\"https:\/\/omohonia.es\/en\/#\/schema\/logo\/image\/\",\"url\":\"https:\/\/omohonia.es\/wp-content\/uploads\/2023\/02\/Imagen-de-WhatsApp-2023-02-22-a-las-16.04.14.png\",\"contentUrl\":\"https:\/\/omohonia.es\/wp-content\/uploads\/2023\/02\/Imagen-de-WhatsApp-2023-02-22-a-las-16.04.14.png\",\"width\":842,\"height\":351,\"caption\":\"JOMOLETEXTIL S.L.\"},\"image\":{\"@id\":\"https:\/\/omohonia.es\/en\/#\/schema\/logo\/image\/\"},\"sameAs\":[\"https:\/\/www.facebook.com\/p\/Omohonia-men-100069389871233\/?locale=es_ES\"]}]}<\/script>\n<!-- \/ Yoast SEO plugin. -->","yoast_head_json":{"title":"Bodysuit Tif\u00f3n holographic - Omohonia","description":"Bodysuit Tif\u00f3n holographic. estilo cuero con red negro transparente. producto masculino sexy confortable. tallas XS S M L XL hecho en Espa\u00f1a ...","robots":{"index":"index","follow":"follow","max-snippet":"max-snippet:-1","max-image-preview":"max-image-preview:large","max-video-preview":"max-video-preview:-1"},"canonical":"https:\/\/omohonia.es\/en\/shop\/body-en\/bodysuit-en\/bodysuit-tifon-holographic\/","og_locale":"en_US","og_type":"article","og_title":"Bodysuit Tif\u00f3n holographic - Omohonia","og_description":"Bodysuit Tif\u00f3n holographic. estilo cuero con red negro transparente. producto masculino sexy confortable. tallas XS S M L XL hecho en Espa\u00f1a ...","og_url":"https:\/\/omohonia.es\/en\/shop\/body-en\/bodysuit-en\/bodysuit-tifon-holographic\/","og_site_name":"Omohonia","article_publisher":"https:\/\/www.facebook.com\/p\/Omohonia-men-100069389871233\/?locale=es_ES","article_modified_time":"2026-03-10T17:04:29+00:00","og_image":[{"width":2048,"height":2560,"url":"https:\/\/omohonia.es\/wp-content\/uploads\/2025\/09\/1F0A5827-scaled.jpg","type":"image\/jpeg"}],"twitter_card":"summary_large_image","twitter_misc":{"Est. reading time":"2 minutes"},"schema":{"@context":"https:\/\/schema.org","@graph":[{"@type":"WebPage","@id":"https:\/\/omohonia.es\/en\/shop\/body-en\/bodysuit-en\/bodysuit-tifon-holographic\/","url":"https:\/\/omohonia.es\/en\/shop\/body-en\/bodysuit-en\/bodysuit-tifon-holographic\/","name":"Bodysuit Tif\u00f3n holographic - Omohonia","isPartOf":{"@id":"https:\/\/omohonia.es\/en\/#website"},"primaryImageOfPage":{"@id":"https:\/\/omohonia.es\/en\/shop\/body-en\/bodysuit-en\/bodysuit-tifon-holographic\/#primaryimage"},"image":{"@id":"https:\/\/omohonia.es\/en\/shop\/body-en\/bodysuit-en\/bodysuit-tifon-holographic\/#primaryimage"},"thumbnailUrl":"https:\/\/omohonia.es\/wp-content\/uploads\/2025\/09\/1F0A5827-scaled.jpg","datePublished":"2025-09-19T22:10:43+00:00","dateModified":"2026-03-10T17:04:29+00:00","description":"Bodysuit Tif\u00f3n holographic. estilo cuero con red negro transparente. producto masculino sexy confortable. tallas XS S M L XL hecho en Espa\u00f1a ...","breadcrumb":{"@id":"https:\/\/omohonia.es\/en\/shop\/body-en\/bodysuit-en\/bodysuit-tifon-holographic\/#breadcrumb"},"inLanguage":"en-US","potentialAction":[{"@type":"ReadAction","target":["https:\/\/omohonia.es\/en\/shop\/body-en\/bodysuit-en\/bodysuit-tifon-holographic\/"]}]},{"@type":"ImageObject","inLanguage":"en-US","@id":"https:\/\/omohonia.es\/en\/shop\/body-en\/bodysuit-en\/bodysuit-tifon-holographic\/#primaryimage","url":"https:\/\/omohonia.es\/wp-content\/uploads\/2025\/09\/1F0A5827-scaled.jpg","contentUrl":"https:\/\/omohonia.es\/wp-content\/uploads\/2025\/09\/1F0A5827-scaled.jpg","width":2048,"height":2560,"caption":"Bodysuit Tif\u00f3n holographic"},{"@type":"BreadcrumbList","@id":"https:\/\/omohonia.es\/en\/shop\/body-en\/bodysuit-en\/bodysuit-tifon-holographic\/#breadcrumb","itemListElement":[{"@type":"ListItem","position":1,"name":"Portada","item":"https:\/\/omohonia.es\/en\/"},{"@type":"ListItem","position":2,"name":"Omohonia Shop","item":"https:\/\/omohonia.es\/"},{"@type":"ListItem","position":3,"name":"Bodysuit Tif\u00f3n holographic"}]},{"@type":"WebSite","@id":"https:\/\/omohonia.es\/en\/#website","url":"https:\/\/omohonia.es\/en\/","name":"Omohonia","description":"Ba\u00f1adores y ropa interior producido en Espa\u00f1a","publisher":{"@id":"https:\/\/omohonia.es\/en\/#organization"},"potentialAction":[{"@type":"SearchAction","target":{"@type":"EntryPoint","urlTemplate":"https:\/\/omohonia.es\/en\/?s={search_term_string}"},"query-input":{"@type":"PropertyValueSpecification","valueRequired":true,"valueName":"search_term_string"}}],"inLanguage":"en-US"},{"@type":"Organization","@id":"https:\/\/omohonia.es\/en\/#organization","name":"JOMOLETEXTIL S.L.","url":"https:\/\/omohonia.es\/en\/","logo":{"@type":"ImageObject","inLanguage":"en-US","@id":"https:\/\/omohonia.es\/en\/#\/schema\/logo\/image\/","url":"https:\/\/omohonia.es\/wp-content\/uploads\/2023\/02\/Imagen-de-WhatsApp-2023-02-22-a-las-16.04.14.png","contentUrl":"https:\/\/omohonia.es\/wp-content\/uploads\/2023\/02\/Imagen-de-WhatsApp-2023-02-22-a-las-16.04.14.png","width":842,"height":351,"caption":"JOMOLETEXTIL S.L."},"image":{"@id":"https:\/\/omohonia.es\/en\/#\/schema\/logo\/image\/"},"sameAs":["https:\/\/www.facebook.com\/p\/Omohonia-men-100069389871233\/?locale=es_ES"]}]}},"jetpack_sharing_enabled":true,"_links":{"self":[{"href":"https:\/\/omohonia.es\/en\/wp-json\/wp\/v2\/product\/11169","targetHints":{"allow":["GET"]}}],"collection":[{"href":"https:\/\/omohonia.es\/en\/wp-json\/wp\/v2\/product"}],"about":[{"href":"https:\/\/omohonia.es\/en\/wp-json\/wp\/v2\/types\/product"}],"replies":[{"embeddable":true,"href":"https:\/\/omohonia.es\/en\/wp-json\/wp\/v2\/comments?post=11169"}],"wp:featuredmedia":[{"embeddable":true,"href":"https:\/\/omohonia.es\/en\/wp-json\/wp\/v2\/media\/33414"}],"wp:attachment":[{"href":"https:\/\/omohonia.es\/en\/wp-json\/wp\/v2\/media?parent=11169"}],"wp:term":[{"taxonomy":"product_brand","embeddable":true,"href":"https:\/\/omohonia.es\/en\/wp-json\/wp\/v2\/product_brand?post=11169"},{"taxonomy":"product_cat","embeddable":true,"href":"https:\/\/omohonia.es\/en\/wp-json\/wp\/v2\/product_cat?post=11169"},{"taxonomy":"product_tag","embeddable":true,"href":"https:\/\/omohonia.es\/en\/wp-json\/wp\/v2\/product_tag?post=11169"}],"curies":[{"name":"wp","href":"https:\/\/api.w.org\/{rel}","templated":true}]}}