{"id":10949,"date":"2024-04-04T00:04:49","date_gmt":"2024-04-04T00:04:49","guid":{"rendered":"https:\/\/omohonia.es\/?post_type=product&#038;p=10949"},"modified":"2026-02-14T19:21:12","modified_gmt":"2026-02-14T18:21:12","slug":"pantalon-corto-mesh-burdeos","status":"publish","type":"product","link":"https:\/\/omohonia.es\/en\/shop\/clothes\/pants-en\/pantalon-corto-mesh-burdeos\/","title":{"rendered":"Pantal\u00f3n corto Mesh Burdeos"},"content":{"rendered":"<h2><span dir=\"auto\" style=\"vertical-align: inherit;\"><span dir=\"auto\" style=\"vertical-align: inherit;\">Pantal\u00f3n corto Mesh Burdeos.<\/span><\/span><\/h2>\n<p><span dir=\"auto\" style=\"vertical-align: inherit;\"><span dir=\"auto\" style=\"vertical-align: inherit;\">Pantal\u00f3n corto Mesh Burdeos nuevo dise\u00f1o seductor para lucir en conjunto con los Body OMOHONIA.<\/span><\/span><\/p>\n<p><b><span dir=\"auto\" style=\"vertical-align: inherit;\"><span dir=\"auto\" style=\"vertical-align: inherit;\">Desarrollo y producci\u00f3n OMOHONIA hecho a mano en Espa\u00f1a.<\/span><\/span><\/b><\/p>\n<h3><span dir=\"auto\" style=\"vertical-align: inherit;\"><span dir=\"auto\" style=\"vertical-align: inherit;\">Caracter\u00edsticas:<\/span><\/span><\/h3>\n<p align=\"left\"><span dir=\"auto\" style=\"vertical-align: inherit;\"><span dir=\"auto\" style=\"vertical-align: inherit;\">Textil con tecnolog\u00eda el\u00e1stica tacto suave y agradable, modelo de shorts cortos que se ajusta perfectamente a la piel.<\/span><\/span><\/p>\n<p align=\"left\"><span dir=\"auto\" style=\"vertical-align: inherit;\"><span dir=\"auto\" style=\"vertical-align: inherit;\">Cierre con cremallera y bot\u00f3n de presi\u00f3n, bolsillos frontales y traseros.<\/span><\/span><\/p>\n<p align=\"left\"><span dir=\"auto\" style=\"vertical-align: inherit;\"><span dir=\"auto\" style=\"vertical-align: inherit;\">Etiqueta de silicona OMOHONIA en la parte trasera.<\/span><\/span><\/p>\n<p align=\"left\">Nuestro modelo esta usando una talla M y mide 180cm.<\/p>\n<p align=\"left\">Solo se aceptar\u00e1n cambios o devoluciones si el art\u00edculo no est\u00e1 usado o da\u00f1ado, con sus etiquetas originales, en las mismas condiciones en que se entreg\u00f3.<\/p>\n<h4><span dir=\"auto\" style=\"vertical-align: inherit;\"><span dir=\"auto\" style=\"vertical-align: inherit;\">Composici\u00f3n:<\/span><\/span><\/h4>\n<p align=\"left\"><i><span dir=\"auto\" style=\"vertical-align: inherit;\"><span dir=\"auto\" style=\"vertical-align: inherit;\">80% Poliamida, 20% Elastano.<\/span><\/span><\/i><\/p>\n<h3><span dir=\"auto\" style=\"vertical-align: inherit;\"><span dir=\"auto\" style=\"vertical-align: inherit;\">Precauciones:<\/span><\/span><\/h3>\n<p align=\"left\"><span dir=\"auto\" style=\"vertical-align: inherit;\"><span dir=\"auto\" style=\"vertical-align: inherit;\">Nuestros tejidos son de alta calidad, aun as\u00ed, siempre recomendamos tener cuidado a la hora de lavarlo, para una mayor vida de nuestra prenda.<\/span><\/span><\/p>\n<p align=\"left\"><i><span dir=\"auto\" style=\"vertical-align: inherit;\"><span dir=\"auto\" style=\"vertical-align: inherit;\">Para prolongar la vida \u00fatil de su producto, lave a mano, enjuague con agua fr\u00eda. NO USAR SECADORA.<\/span><\/span><\/i><\/p>\n<p align=\"left\">Pude ver mas de nuestros modelos <a href=\"https:\/\/omohonia.es\/categoria-producto\/ropa\/\">aqu\u00ed<\/a><\/p>\n<p align=\"left\"><a href=\"https:\/\/wepartyontour.com\/\">Perfecto para utilizar en este evento\u00a0<\/a><\/p>\n","protected":false},"excerpt":{"rendered":"<table class=\" aligncenter\" style=\"width: 388px; height: 220px;\" border=\"0\">\n<caption><span dir=\"auto\" style=\"vertical-align: inherit;\"><span dir=\"auto\" style=\"vertical-align: inherit;\">Tabla de medidas:<\/span><\/span><\/caption>\n<tbody>\n<tr style=\"height: 23px;\">\n<th style=\"width: 45.9375px; height: 23px;\"><span dir=\"auto\" style=\"vertical-align: inherit;\"><span dir=\"auto\" style=\"vertical-align: inherit;\">Talla<\/span><\/span><\/th>\n<th style=\"width: 50px; height: 23px;\"><span dir=\"auto\" style=\"vertical-align: inherit;\"><span dir=\"auto\" style=\"vertical-align: inherit;\">XS<\/span><\/span><\/th>\n<th style=\"width: 56px; height: 23px;\"><span dir=\"auto\" style=\"vertical-align: inherit;\"><span dir=\"auto\" style=\"vertical-align: inherit;\">S<\/span><\/span><\/th>\n<th style=\"width: 60px; height: 23px;\"><span dir=\"auto\" style=\"vertical-align: inherit;\"><span dir=\"auto\" style=\"vertical-align: inherit;\">METRO<\/span><\/span><\/th>\n<th style=\"width: 64px; height: 23px;\"><span dir=\"auto\" style=\"vertical-align: inherit;\"><span dir=\"auto\" style=\"vertical-align: inherit;\">L<\/span><\/span><\/th>\n<th style=\"width: 70px; height: 23px;\"><span dir=\"auto\" style=\"vertical-align: inherit;\"><span dir=\"auto\" style=\"vertical-align: inherit;\">SG<\/span><\/span><\/th>\n<\/tr>\n<tr style=\"height: 46px;\">\n<td style=\"width: 45.9375px; height: 46px;\"><span dir=\"auto\" style=\"vertical-align: inherit;\"><span dir=\"auto\" style=\"vertical-align: inherit;\">Cintur\u00f3n<\/span><\/span><\/td>\n<td style=\"width: 50px; height: 46px;\"><span dir=\"auto\" style=\"vertical-align: inherit;\"><span dir=\"auto\" style=\"vertical-align: inherit;\">71-75<\/span><\/span><\/td>\n<td style=\"width: 56px; height: 46px;\"><span dir=\"auto\" style=\"vertical-align: inherit;\"><span dir=\"auto\" style=\"vertical-align: inherit;\">76-82<\/span><\/span><\/td>\n<td style=\"width: 60px; height: 46px;\"><span dir=\"auto\" style=\"vertical-align: inherit;\"><span dir=\"auto\" style=\"vertical-align: inherit;\">83-90<\/span><\/span><\/td>\n<td style=\"width: 64px; height: 46px;\"><span dir=\"auto\" style=\"vertical-align: inherit;\"><span dir=\"auto\" style=\"vertical-align: inherit;\">91-99<\/span><\/span><\/td>\n<td style=\"width: 70px; height: 46px;\"><span dir=\"auto\" style=\"vertical-align: inherit;\"><span dir=\"auto\" style=\"vertical-align: inherit;\">100-109<\/span><\/span><\/td>\n<\/tr>\n<tr style=\"height: 46px;\">\n<td style=\"width: 45.9375px; height: 46px;\"><span dir=\"auto\" style=\"vertical-align: inherit;\"><span dir=\"auto\" style=\"vertical-align: inherit;\">T\u00f3rax<\/span><\/span><\/td>\n<td style=\"width: 50px; height: 46px;\"><span dir=\"auto\" style=\"vertical-align: inherit;\"><span dir=\"auto\" style=\"vertical-align: inherit;\">83-86<\/span><\/span><\/td>\n<td style=\"width: 56px; height: 46px;\"><span dir=\"auto\" style=\"vertical-align: inherit;\"><span dir=\"auto\" style=\"vertical-align: inherit;\">87-92<\/span><\/span><\/td>\n<td style=\"width: 60px; height: 46px;\"><span dir=\"auto\" style=\"vertical-align: inherit;\"><span dir=\"auto\" style=\"vertical-align: inherit;\">92-100<\/span><\/span><\/td>\n<td style=\"width: 64px; height: 46px;\"><span dir=\"auto\" style=\"vertical-align: inherit;\"><span dir=\"auto\" style=\"vertical-align: inherit;\">101-108<\/span><\/span><\/td>\n<td style=\"width: 70px; height: 46px;\"><span dir=\"auto\" style=\"vertical-align: inherit;\"><span dir=\"auto\" style=\"vertical-align: inherit;\">109-118<\/span><\/span><\/td>\n<\/tr>\n<tr style=\"height: 23px;\">\n<td style=\"width: 45.9375px; height: 23px;\"><span dir=\"auto\" style=\"vertical-align: inherit;\"><span dir=\"auto\" style=\"vertical-align: inherit;\">Cadera<\/span><\/span><\/td>\n<td style=\"width: 50px; height: 23px;\"><span dir=\"auto\" style=\"vertical-align: inherit;\"><span dir=\"auto\" style=\"vertical-align: inherit;\">82-86<\/span><\/span><\/td>\n<td style=\"width: 56px; height: 23px;\"><span dir=\"auto\" style=\"vertical-align: inherit;\"><span dir=\"auto\" style=\"vertical-align: inherit;\">87-93<\/span><\/span><\/td>\n<td style=\"width: 60px; height: 23px;\"><span dir=\"auto\" style=\"vertical-align: inherit;\"><span dir=\"auto\" style=\"vertical-align: inherit;\">94-101<\/span><\/span><\/td>\n<td style=\"width: 64px; height: 23px;\"><span dir=\"auto\" style=\"vertical-align: inherit;\"><span dir=\"auto\" style=\"vertical-align: inherit;\">102-110<\/span><\/span><\/td>\n<td style=\"width: 70px; height: 23px;\"><span dir=\"auto\" style=\"vertical-align: inherit;\"><span dir=\"auto\" style=\"vertical-align: inherit;\">111-119<\/span><\/span><\/td>\n<\/tr>\n<\/tbody>\n<\/table>\n","protected":false},"featured_media":33467,"comment_status":"open","ping_status":"closed","template":"","meta":{"_et_pb_use_builder":"off","_et_pb_old_content":"","_et_gb_content_width":""},"product_brand":[],"product_cat":[75,31],"product_tag":[],"class_list":{"0":"post-10949","1":"product","2":"type-product","3":"status-publish","4":"has-post-thumbnail","6":"product_cat-pants","7":"product_cat-ropa","9":"first","10":"instock","11":"taxable","12":"shipping-taxable","13":"purchasable","14":"product-type-variable"},"yoast_head":"<!-- This site is optimized with the Yoast SEO plugin v27.1.1 - https:\/\/yoast.com\/product\/yoast-seo-wordpress\/ -->\n<title>Pantal\u00f3n corto Mesh Burdeos - Omohonia<\/title>\n<meta name=\"description\" content=\"Pantal\u00f3n corto Mesh Burdeos masculino. Hecho a mano en Espa\u00f1a, dise\u00f1o exclusivo de omohonia tallas disponibles S M L XL ...\" \/>\n<meta name=\"robots\" content=\"index, follow, max-snippet:-1, max-image-preview:large, max-video-preview:-1\" \/>\n<link rel=\"canonical\" href=\"https:\/\/omohonia.es\/en\/shop\/clothes\/pants-en\/pantalon-corto-mesh-burdeos\/\" \/>\n<meta property=\"og:locale\" content=\"en_US\" \/>\n<meta property=\"og:type\" content=\"article\" \/>\n<meta property=\"og:title\" content=\"Pantal\u00f3n corto Mesh Burdeos - Omohonia\" \/>\n<meta property=\"og:description\" content=\"Pantal\u00f3n corto Mesh Burdeos masculino. Hecho a mano en Espa\u00f1a, dise\u00f1o exclusivo de omohonia tallas disponibles S M L XL ...\" \/>\n<meta property=\"og:url\" content=\"https:\/\/omohonia.es\/en\/shop\/clothes\/pants-en\/pantalon-corto-mesh-burdeos\/\" \/>\n<meta property=\"og:site_name\" content=\"Omohonia\" \/>\n<meta property=\"article:publisher\" content=\"https:\/\/www.facebook.com\/p\/Omohonia-men-100069389871233\/?locale=es_ES\" \/>\n<meta property=\"article:modified_time\" content=\"2026-02-14T18:21:12+00:00\" \/>\n<meta property=\"og:image\" content=\"https:\/\/omohonia.es\/wp-content\/uploads\/2025\/09\/1F0A6072-scaled.jpg\" \/>\n\t<meta property=\"og:image:width\" content=\"2048\" \/>\n\t<meta property=\"og:image:height\" content=\"2560\" \/>\n\t<meta property=\"og:image:type\" content=\"image\/jpeg\" \/>\n<meta name=\"twitter:card\" content=\"summary_large_image\" \/>\n<meta name=\"twitter:label1\" content=\"Est. reading time\" \/>\n\t<meta name=\"twitter:data1\" content=\"1 minute\" \/>\n<script type=\"application\/ld+json\" class=\"yoast-schema-graph\">{\"@context\":\"https:\/\/schema.org\",\"@graph\":[{\"@type\":\"WebPage\",\"@id\":\"https:\/\/omohonia.es\/en\/shop\/clothes\/pants-en\/pantalon-corto-mesh-burdeos\/\",\"url\":\"https:\/\/omohonia.es\/en\/shop\/clothes\/pants-en\/pantalon-corto-mesh-burdeos\/\",\"name\":\"Pantal\u00f3n corto Mesh Burdeos - Omohonia\",\"isPartOf\":{\"@id\":\"https:\/\/omohonia.es\/en\/#website\"},\"primaryImageOfPage\":{\"@id\":\"https:\/\/omohonia.es\/en\/shop\/clothes\/pants-en\/pantalon-corto-mesh-burdeos\/#primaryimage\"},\"image\":{\"@id\":\"https:\/\/omohonia.es\/en\/shop\/clothes\/pants-en\/pantalon-corto-mesh-burdeos\/#primaryimage\"},\"thumbnailUrl\":\"https:\/\/omohonia.es\/wp-content\/uploads\/2025\/09\/1F0A6072-scaled.jpg\",\"datePublished\":\"2024-04-04T00:04:49+00:00\",\"dateModified\":\"2026-02-14T18:21:12+00:00\",\"description\":\"Pantal\u00f3n corto Mesh Burdeos masculino. Hecho a mano en Espa\u00f1a, dise\u00f1o exclusivo de omohonia tallas disponibles S M L XL ...\",\"breadcrumb\":{\"@id\":\"https:\/\/omohonia.es\/en\/shop\/clothes\/pants-en\/pantalon-corto-mesh-burdeos\/#breadcrumb\"},\"inLanguage\":\"en-US\",\"potentialAction\":[{\"@type\":\"ReadAction\",\"target\":[\"https:\/\/omohonia.es\/en\/shop\/clothes\/pants-en\/pantalon-corto-mesh-burdeos\/\"]}]},{\"@type\":\"ImageObject\",\"inLanguage\":\"en-US\",\"@id\":\"https:\/\/omohonia.es\/en\/shop\/clothes\/pants-en\/pantalon-corto-mesh-burdeos\/#primaryimage\",\"url\":\"https:\/\/omohonia.es\/wp-content\/uploads\/2025\/09\/1F0A6072-scaled.jpg\",\"contentUrl\":\"https:\/\/omohonia.es\/wp-content\/uploads\/2025\/09\/1F0A6072-scaled.jpg\",\"width\":2048,\"height\":2560,\"caption\":\"Pantal\u00f3n corto Mesh Burdeos\"},{\"@type\":\"BreadcrumbList\",\"@id\":\"https:\/\/omohonia.es\/en\/shop\/clothes\/pants-en\/pantalon-corto-mesh-burdeos\/#breadcrumb\",\"itemListElement\":[{\"@type\":\"ListItem\",\"position\":1,\"name\":\"Portada\",\"item\":\"https:\/\/omohonia.es\/en\/\"},{\"@type\":\"ListItem\",\"position\":2,\"name\":\"Omohonia Shop\",\"item\":\"https:\/\/omohonia.es\/\"},{\"@type\":\"ListItem\",\"position\":3,\"name\":\"Pantal\u00f3n corto Mesh Burdeos\"}]},{\"@type\":\"WebSite\",\"@id\":\"https:\/\/omohonia.es\/en\/#website\",\"url\":\"https:\/\/omohonia.es\/en\/\",\"name\":\"Omohonia\",\"description\":\"Ba\u00f1adores y ropa interior producido en Espa\u00f1a\",\"publisher\":{\"@id\":\"https:\/\/omohonia.es\/en\/#organization\"},\"potentialAction\":[{\"@type\":\"SearchAction\",\"target\":{\"@type\":\"EntryPoint\",\"urlTemplate\":\"https:\/\/omohonia.es\/en\/?s={search_term_string}\"},\"query-input\":{\"@type\":\"PropertyValueSpecification\",\"valueRequired\":true,\"valueName\":\"search_term_string\"}}],\"inLanguage\":\"en-US\"},{\"@type\":\"Organization\",\"@id\":\"https:\/\/omohonia.es\/en\/#organization\",\"name\":\"JOMOLETEXTIL S.L.\",\"url\":\"https:\/\/omohonia.es\/en\/\",\"logo\":{\"@type\":\"ImageObject\",\"inLanguage\":\"en-US\",\"@id\":\"https:\/\/omohonia.es\/en\/#\/schema\/logo\/image\/\",\"url\":\"https:\/\/omohonia.es\/wp-content\/uploads\/2023\/02\/Imagen-de-WhatsApp-2023-02-22-a-las-16.04.14.png\",\"contentUrl\":\"https:\/\/omohonia.es\/wp-content\/uploads\/2023\/02\/Imagen-de-WhatsApp-2023-02-22-a-las-16.04.14.png\",\"width\":842,\"height\":351,\"caption\":\"JOMOLETEXTIL S.L.\"},\"image\":{\"@id\":\"https:\/\/omohonia.es\/en\/#\/schema\/logo\/image\/\"},\"sameAs\":[\"https:\/\/www.facebook.com\/p\/Omohonia-men-100069389871233\/?locale=es_ES\"]}]}<\/script>\n<!-- \/ Yoast SEO plugin. -->","yoast_head_json":{"title":"Pantal\u00f3n corto Mesh Burdeos - Omohonia","description":"Pantal\u00f3n corto Mesh Burdeos masculino. Hecho a mano en Espa\u00f1a, dise\u00f1o exclusivo de omohonia tallas disponibles S M L XL ...","robots":{"index":"index","follow":"follow","max-snippet":"max-snippet:-1","max-image-preview":"max-image-preview:large","max-video-preview":"max-video-preview:-1"},"canonical":"https:\/\/omohonia.es\/en\/shop\/clothes\/pants-en\/pantalon-corto-mesh-burdeos\/","og_locale":"en_US","og_type":"article","og_title":"Pantal\u00f3n corto Mesh Burdeos - Omohonia","og_description":"Pantal\u00f3n corto Mesh Burdeos masculino. Hecho a mano en Espa\u00f1a, dise\u00f1o exclusivo de omohonia tallas disponibles S M L XL ...","og_url":"https:\/\/omohonia.es\/en\/shop\/clothes\/pants-en\/pantalon-corto-mesh-burdeos\/","og_site_name":"Omohonia","article_publisher":"https:\/\/www.facebook.com\/p\/Omohonia-men-100069389871233\/?locale=es_ES","article_modified_time":"2026-02-14T18:21:12+00:00","og_image":[{"width":2048,"height":2560,"url":"https:\/\/omohonia.es\/wp-content\/uploads\/2025\/09\/1F0A6072-scaled.jpg","type":"image\/jpeg"}],"twitter_card":"summary_large_image","twitter_misc":{"Est. reading time":"1 minute"},"schema":{"@context":"https:\/\/schema.org","@graph":[{"@type":"WebPage","@id":"https:\/\/omohonia.es\/en\/shop\/clothes\/pants-en\/pantalon-corto-mesh-burdeos\/","url":"https:\/\/omohonia.es\/en\/shop\/clothes\/pants-en\/pantalon-corto-mesh-burdeos\/","name":"Pantal\u00f3n corto Mesh Burdeos - Omohonia","isPartOf":{"@id":"https:\/\/omohonia.es\/en\/#website"},"primaryImageOfPage":{"@id":"https:\/\/omohonia.es\/en\/shop\/clothes\/pants-en\/pantalon-corto-mesh-burdeos\/#primaryimage"},"image":{"@id":"https:\/\/omohonia.es\/en\/shop\/clothes\/pants-en\/pantalon-corto-mesh-burdeos\/#primaryimage"},"thumbnailUrl":"https:\/\/omohonia.es\/wp-content\/uploads\/2025\/09\/1F0A6072-scaled.jpg","datePublished":"2024-04-04T00:04:49+00:00","dateModified":"2026-02-14T18:21:12+00:00","description":"Pantal\u00f3n corto Mesh Burdeos masculino. Hecho a mano en Espa\u00f1a, dise\u00f1o exclusivo de omohonia tallas disponibles S M L XL ...","breadcrumb":{"@id":"https:\/\/omohonia.es\/en\/shop\/clothes\/pants-en\/pantalon-corto-mesh-burdeos\/#breadcrumb"},"inLanguage":"en-US","potentialAction":[{"@type":"ReadAction","target":["https:\/\/omohonia.es\/en\/shop\/clothes\/pants-en\/pantalon-corto-mesh-burdeos\/"]}]},{"@type":"ImageObject","inLanguage":"en-US","@id":"https:\/\/omohonia.es\/en\/shop\/clothes\/pants-en\/pantalon-corto-mesh-burdeos\/#primaryimage","url":"https:\/\/omohonia.es\/wp-content\/uploads\/2025\/09\/1F0A6072-scaled.jpg","contentUrl":"https:\/\/omohonia.es\/wp-content\/uploads\/2025\/09\/1F0A6072-scaled.jpg","width":2048,"height":2560,"caption":"Pantal\u00f3n corto Mesh Burdeos"},{"@type":"BreadcrumbList","@id":"https:\/\/omohonia.es\/en\/shop\/clothes\/pants-en\/pantalon-corto-mesh-burdeos\/#breadcrumb","itemListElement":[{"@type":"ListItem","position":1,"name":"Portada","item":"https:\/\/omohonia.es\/en\/"},{"@type":"ListItem","position":2,"name":"Omohonia Shop","item":"https:\/\/omohonia.es\/"},{"@type":"ListItem","position":3,"name":"Pantal\u00f3n corto Mesh Burdeos"}]},{"@type":"WebSite","@id":"https:\/\/omohonia.es\/en\/#website","url":"https:\/\/omohonia.es\/en\/","name":"Omohonia","description":"Ba\u00f1adores y ropa interior producido en Espa\u00f1a","publisher":{"@id":"https:\/\/omohonia.es\/en\/#organization"},"potentialAction":[{"@type":"SearchAction","target":{"@type":"EntryPoint","urlTemplate":"https:\/\/omohonia.es\/en\/?s={search_term_string}"},"query-input":{"@type":"PropertyValueSpecification","valueRequired":true,"valueName":"search_term_string"}}],"inLanguage":"en-US"},{"@type":"Organization","@id":"https:\/\/omohonia.es\/en\/#organization","name":"JOMOLETEXTIL S.L.","url":"https:\/\/omohonia.es\/en\/","logo":{"@type":"ImageObject","inLanguage":"en-US","@id":"https:\/\/omohonia.es\/en\/#\/schema\/logo\/image\/","url":"https:\/\/omohonia.es\/wp-content\/uploads\/2023\/02\/Imagen-de-WhatsApp-2023-02-22-a-las-16.04.14.png","contentUrl":"https:\/\/omohonia.es\/wp-content\/uploads\/2023\/02\/Imagen-de-WhatsApp-2023-02-22-a-las-16.04.14.png","width":842,"height":351,"caption":"JOMOLETEXTIL S.L."},"image":{"@id":"https:\/\/omohonia.es\/en\/#\/schema\/logo\/image\/"},"sameAs":["https:\/\/www.facebook.com\/p\/Omohonia-men-100069389871233\/?locale=es_ES"]}]}},"jetpack_sharing_enabled":true,"_links":{"self":[{"href":"https:\/\/omohonia.es\/en\/wp-json\/wp\/v2\/product\/10949","targetHints":{"allow":["GET"]}}],"collection":[{"href":"https:\/\/omohonia.es\/en\/wp-json\/wp\/v2\/product"}],"about":[{"href":"https:\/\/omohonia.es\/en\/wp-json\/wp\/v2\/types\/product"}],"replies":[{"embeddable":true,"href":"https:\/\/omohonia.es\/en\/wp-json\/wp\/v2\/comments?post=10949"}],"wp:featuredmedia":[{"embeddable":true,"href":"https:\/\/omohonia.es\/en\/wp-json\/wp\/v2\/media\/33467"}],"wp:attachment":[{"href":"https:\/\/omohonia.es\/en\/wp-json\/wp\/v2\/media?parent=10949"}],"wp:term":[{"taxonomy":"product_brand","embeddable":true,"href":"https:\/\/omohonia.es\/en\/wp-json\/wp\/v2\/product_brand?post=10949"},{"taxonomy":"product_cat","embeddable":true,"href":"https:\/\/omohonia.es\/en\/wp-json\/wp\/v2\/product_cat?post=10949"},{"taxonomy":"product_tag","embeddable":true,"href":"https:\/\/omohonia.es\/en\/wp-json\/wp\/v2\/product_tag?post=10949"}],"curies":[{"name":"wp","href":"https:\/\/api.w.org\/{rel}","templated":true}]}}