{"id":19344,"date":"2022-03-11T11:50:31","date_gmt":"2022-03-11T10:50:31","guid":{"rendered":"https:\/\/omohonia.es\/proteccion-de-datos\/"},"modified":"2025-02-18T14:47:21","modified_gmt":"2025-02-18T13:47:21","slug":"proteccion-de-datos","status":"publish","type":"page","link":"https:\/\/omohonia.es\/en\/proteccion-de-datos\/","title":{"rendered":"Protecci\u00f3n de datos"},"content":{"rendered":"<p>[et_pb_section fb_built=&#8221;1&#8243; admin_label=&#8221;section&#8221; _builder_version=&#8221;4.16&#8243; custom_padding=&#8221;||9px|||&#8221; global_colors_info=&#8221;{}&#8221;][et_pb_row admin_label=&#8221;row&#8221; _builder_version=&#8221;4.16&#8243; background_size=&#8221;initial&#8221; background_position=&#8221;top_left&#8221; background_repeat=&#8221;repeat&#8221; global_colors_info=&#8221;{}&#8221;][et_pb_column type=&#8221;4_4&#8243; _builder_version=&#8221;4.16&#8243; custom_padding=&#8221;|||&#8221; global_colors_info=&#8221;{}&#8221; custom_padding__hover=&#8221;|||&#8221;][et_pb_text admin_label=&#8221;Text&#8221; _builder_version=&#8221;4.23.4&#8243; background_size=&#8221;initial&#8221; background_position=&#8221;top_left&#8221; background_repeat=&#8221;repeat&#8221; hover_enabled=&#8221;0&#8243; global_colors_info=&#8221;{}&#8221; sticky_enabled=&#8221;0&#8243;]<\/p>\n<p><!-- divi:paragraph --><\/p>\n<h2><strong>PROTECCI\u00d3N DE DATOS DE CAR\u00c1CTER PERSONAL<\/strong><\/h2>\n<p><!-- \/divi:paragraph --><\/p>\n<p><!-- divi:paragraph --><\/p>\n<p>OMOHONIA se toma la pol\u00edtica de protecci\u00f3n de datos de car\u00e1cter personal como una prioridad y por tal motivo:<\/p>\n<p><!-- \/divi:paragraph --><\/p>\n<p><!-- divi:list --><\/p>\n<ul>\n<li>Los datos facilitados por los usuarios se conservar\u00e1n durante el tiempo necesario para su uso.<\/li>\n<li>Los datos nunca ser\u00e1n compartidos con terceros.<\/li>\n<li>Los datos solamente ser\u00e1n utilizados para la finalidad con la que los usuarios los aportaron.<\/li>\n<li>Nos comprometemos a mantener la seguridad de los datos garantizando su correcto uso, almacenamiento y protecci\u00f3n.<\/li>\n<li>Para nosotros es primordial respetar la privacidad de los datos de nuestros usuarios cedidos con su consentimiento.INFORMACI\u00d3N PERSONAL UTILIZADA<\/li>\n<li>Los datos recabados por Omohonia, ser\u00e1n utilizados para las siguientes finalidades: \u2014 Informaci\u00f3n b\u00e1sica del usuario para realizar compras.\u2014 Envi\u00f3 de informaci\u00f3n comercial de la marca.<\/li>\n<\/ul>\n<p><!-- \/divi:list --><\/p>\n<p><!-- divi:paragraph --><\/p>\n<p>EXACTITUD Y VERACIDAD DE LOS DATOS<\/p>\n<p>El usuario, debe comprometerse a facilitar datos veraces y de igual forma, actualizados para las finalidades requeridas.<\/p>\n<p>DERECHOS SOBRE LOS DATOS PERSONALES PROPORCIONADOS<\/p>\n<p>Una vez facilitados los datos personales, tendr\u00e1 derecho a:<\/p>\n<p><!-- \/divi:paragraph --><\/p>\n<p><!-- divi:list --><\/p>\n<ul>\n<li>Negarse al tratamiento de sus datos.<\/li>\n<li>Solicitar que sus datos sean eliminados, corregidos o que se establezcan limites a su tratamiento.<\/li>\n<li>Obtener acceso a sus datos y ser informado de nuestra pol\u00edtica de privacidad.<br \/>Por consiguiente, podr\u00e1 ejercer estos derechos en cualquier momento, por escrito, acreditando su identidad, dirigi\u00e9ndose a OMOHONIA Calle Cuesta. MADRID ,28026 o a trav\u00e9s de la direcci\u00f3n de correo electr\u00f3nico: <a href=\"mailto:omohonia@gmail.com\">omohonia@gmail.com<\/a>. <\/li>\n<\/ul>\n<p><!-- \/divi:list --><\/p>\n<p><!-- divi:paragraph --><\/p>\n<p>De conformidad con el Reglamento Europeo de Privacidad 2016\/679 te informamos que los datos pasar\u00e1n a formar parte de un fichero responsabilidad de OMOHONIA con la finalidad de gestionar la compra, la relaci\u00f3n o, en su caso, el env\u00edo de informaci\u00f3n comercial.<\/p>\n<p><!-- \/divi:paragraph --><\/p>\n<p>[\/et_pb_text][\/et_pb_column][\/et_pb_row][et_pb_row _builder_version=&#8221;4.23.4&#8243; _module_preset=&#8221;default&#8221; global_colors_info=&#8221;{}&#8221;][et_pb_column type=&#8221;4_4&#8243; _builder_version=&#8221;4.23.4&#8243; _module_preset=&#8221;default&#8221; global_colors_info=&#8221;{}&#8221;][et_pb_image src=&#8221;https:\/\/omohonia.es\/wp-content\/uploads\/2024\/03\/portada-5.jpg&#8221; alt=&#8221;Bodysuits Omohonia&#8221; title_text=&#8221;Bodysuits Omohonia portada 5&#8243; url=&#8221;https:\/\/omohonia.es\/product-category\/sales\/&#8221; _builder_version=&#8221;4.23.4&#8243; _module_preset=&#8221;default&#8221; global_colors_info=&#8221;{}&#8221;][\/et_pb_image][\/et_pb_column][\/et_pb_row][\/et_pb_section]<\/p>\n","protected":false},"excerpt":{"rendered":"<p>PROTECCI\u00d3N DE DATOS DE CAR\u00c1CTER PERSONAL OMOHONIA se toma la pol\u00edtica de protecci\u00f3n de datos de car\u00e1cter personal como una prioridad y por tal motivo: Los datos facilitados por los usuarios se conservar\u00e1n durante el tiempo necesario para su uso. Los datos nunca ser\u00e1n compartidos con terceros. Los datos solamente ser\u00e1n utilizados para la finalidad [&hellip;]<\/p>\n","protected":false},"author":169,"featured_media":0,"parent":0,"menu_order":0,"comment_status":"closed","ping_status":"closed","template":"","meta":{"_et_pb_use_builder":"on","_et_pb_old_content":"","_et_gb_content_width":"","footnotes":""},"class_list":["post-19344","page","type-page","status-publish","hentry"],"yoast_head":"<!-- This site is optimized with the Yoast SEO plugin v27.1.1 - https:\/\/yoast.com\/product\/yoast-seo-wordpress\/ -->\n<title>Protecci\u00f3n de datos - Omohonia<\/title>\n<meta name=\"description\" content=\"Protecci\u00f3n de datos Omohonia. Garantizamos la seguridad y privacidad de tu informaci\u00f3n mientras disfrutas de una experiencia de compra...\" \/>\n<meta name=\"robots\" content=\"index, follow, max-snippet:-1, max-image-preview:large, max-video-preview:-1\" \/>\n<link rel=\"canonical\" href=\"https:\/\/omohonia.es\/en\/proteccion-de-datos\/\" \/>\n<meta property=\"og:locale\" content=\"en_US\" \/>\n<meta property=\"og:type\" content=\"article\" \/>\n<meta property=\"og:title\" content=\"Protecci\u00f3n de datos - Omohonia\" \/>\n<meta property=\"og:description\" content=\"Protecci\u00f3n de datos Omohonia. Garantizamos la seguridad y privacidad de tu informaci\u00f3n mientras disfrutas de una experiencia de compra...\" \/>\n<meta property=\"og:url\" content=\"https:\/\/omohonia.es\/en\/proteccion-de-datos\/\" \/>\n<meta property=\"og:site_name\" content=\"Omohonia\" \/>\n<meta property=\"article:publisher\" content=\"https:\/\/www.facebook.com\/p\/Omohonia-men-100069389871233\/?locale=es_ES\" \/>\n<meta property=\"article:modified_time\" content=\"2025-02-18T13:47:21+00:00\" \/>\n<meta name=\"twitter:card\" content=\"summary_large_image\" \/>\n<meta name=\"twitter:label1\" content=\"Est. reading time\" \/>\n\t<meta name=\"twitter:data1\" content=\"2 minutes\" \/>\n<script type=\"application\/ld+json\" class=\"yoast-schema-graph\">{\"@context\":\"https:\/\/schema.org\",\"@graph\":[{\"@type\":\"WebPage\",\"@id\":\"https:\/\/omohonia.es\/en\/proteccion-de-datos\/\",\"url\":\"https:\/\/omohonia.es\/en\/proteccion-de-datos\/\",\"name\":\"Protecci\u00f3n de datos - Omohonia\",\"isPartOf\":{\"@id\":\"https:\/\/omohonia.es\/en\/#website\"},\"datePublished\":\"2022-03-11T10:50:31+00:00\",\"dateModified\":\"2025-02-18T13:47:21+00:00\",\"description\":\"Protecci\u00f3n de datos Omohonia. Garantizamos la seguridad y privacidad de tu informaci\u00f3n mientras disfrutas de una experiencia de compra...\",\"breadcrumb\":{\"@id\":\"https:\/\/omohonia.es\/en\/proteccion-de-datos\/#breadcrumb\"},\"inLanguage\":\"en-US\",\"potentialAction\":[{\"@type\":\"ReadAction\",\"target\":[\"https:\/\/omohonia.es\/en\/proteccion-de-datos\/\"]}]},{\"@type\":\"BreadcrumbList\",\"@id\":\"https:\/\/omohonia.es\/en\/proteccion-de-datos\/#breadcrumb\",\"itemListElement\":[{\"@type\":\"ListItem\",\"position\":1,\"name\":\"Portada\",\"item\":\"https:\/\/omohonia.es\/en\/\"},{\"@type\":\"ListItem\",\"position\":2,\"name\":\"Protecci\u00f3n de datos\"}]},{\"@type\":\"WebSite\",\"@id\":\"https:\/\/omohonia.es\/en\/#website\",\"url\":\"https:\/\/omohonia.es\/en\/\",\"name\":\"Omohonia\",\"description\":\"Ba\u00f1adores y ropa interior producido en Espa\u00f1a\",\"publisher\":{\"@id\":\"https:\/\/omohonia.es\/en\/#organization\"},\"potentialAction\":[{\"@type\":\"SearchAction\",\"target\":{\"@type\":\"EntryPoint\",\"urlTemplate\":\"https:\/\/omohonia.es\/en\/?s={search_term_string}\"},\"query-input\":{\"@type\":\"PropertyValueSpecification\",\"valueRequired\":true,\"valueName\":\"search_term_string\"}}],\"inLanguage\":\"en-US\"},{\"@type\":\"Organization\",\"@id\":\"https:\/\/omohonia.es\/en\/#organization\",\"name\":\"JOMOLETEXTIL S.L.\",\"url\":\"https:\/\/omohonia.es\/en\/\",\"logo\":{\"@type\":\"ImageObject\",\"inLanguage\":\"en-US\",\"@id\":\"https:\/\/omohonia.es\/en\/#\/schema\/logo\/image\/\",\"url\":\"https:\/\/omohonia.es\/wp-content\/uploads\/2023\/02\/Imagen-de-WhatsApp-2023-02-22-a-las-16.04.14.png\",\"contentUrl\":\"https:\/\/omohonia.es\/wp-content\/uploads\/2023\/02\/Imagen-de-WhatsApp-2023-02-22-a-las-16.04.14.png\",\"width\":842,\"height\":351,\"caption\":\"JOMOLETEXTIL S.L.\"},\"image\":{\"@id\":\"https:\/\/omohonia.es\/en\/#\/schema\/logo\/image\/\"},\"sameAs\":[\"https:\/\/www.facebook.com\/p\/Omohonia-men-100069389871233\/?locale=es_ES\"]}]}<\/script>\n<!-- \/ Yoast SEO plugin. -->","yoast_head_json":{"title":"Protecci\u00f3n de datos - Omohonia","description":"Protecci\u00f3n de datos Omohonia. Garantizamos la seguridad y privacidad de tu informaci\u00f3n mientras disfrutas de una experiencia de compra...","robots":{"index":"index","follow":"follow","max-snippet":"max-snippet:-1","max-image-preview":"max-image-preview:large","max-video-preview":"max-video-preview:-1"},"canonical":"https:\/\/omohonia.es\/en\/proteccion-de-datos\/","og_locale":"en_US","og_type":"article","og_title":"Protecci\u00f3n de datos - Omohonia","og_description":"Protecci\u00f3n de datos Omohonia. Garantizamos la seguridad y privacidad de tu informaci\u00f3n mientras disfrutas de una experiencia de compra...","og_url":"https:\/\/omohonia.es\/en\/proteccion-de-datos\/","og_site_name":"Omohonia","article_publisher":"https:\/\/www.facebook.com\/p\/Omohonia-men-100069389871233\/?locale=es_ES","article_modified_time":"2025-02-18T13:47:21+00:00","twitter_card":"summary_large_image","twitter_misc":{"Est. reading time":"2 minutes"},"schema":{"@context":"https:\/\/schema.org","@graph":[{"@type":"WebPage","@id":"https:\/\/omohonia.es\/en\/proteccion-de-datos\/","url":"https:\/\/omohonia.es\/en\/proteccion-de-datos\/","name":"Protecci\u00f3n de datos - Omohonia","isPartOf":{"@id":"https:\/\/omohonia.es\/en\/#website"},"datePublished":"2022-03-11T10:50:31+00:00","dateModified":"2025-02-18T13:47:21+00:00","description":"Protecci\u00f3n de datos Omohonia. Garantizamos la seguridad y privacidad de tu informaci\u00f3n mientras disfrutas de una experiencia de compra...","breadcrumb":{"@id":"https:\/\/omohonia.es\/en\/proteccion-de-datos\/#breadcrumb"},"inLanguage":"en-US","potentialAction":[{"@type":"ReadAction","target":["https:\/\/omohonia.es\/en\/proteccion-de-datos\/"]}]},{"@type":"BreadcrumbList","@id":"https:\/\/omohonia.es\/en\/proteccion-de-datos\/#breadcrumb","itemListElement":[{"@type":"ListItem","position":1,"name":"Portada","item":"https:\/\/omohonia.es\/en\/"},{"@type":"ListItem","position":2,"name":"Protecci\u00f3n de datos"}]},{"@type":"WebSite","@id":"https:\/\/omohonia.es\/en\/#website","url":"https:\/\/omohonia.es\/en\/","name":"Omohonia","description":"Ba\u00f1adores y ropa interior producido en Espa\u00f1a","publisher":{"@id":"https:\/\/omohonia.es\/en\/#organization"},"potentialAction":[{"@type":"SearchAction","target":{"@type":"EntryPoint","urlTemplate":"https:\/\/omohonia.es\/en\/?s={search_term_string}"},"query-input":{"@type":"PropertyValueSpecification","valueRequired":true,"valueName":"search_term_string"}}],"inLanguage":"en-US"},{"@type":"Organization","@id":"https:\/\/omohonia.es\/en\/#organization","name":"JOMOLETEXTIL S.L.","url":"https:\/\/omohonia.es\/en\/","logo":{"@type":"ImageObject","inLanguage":"en-US","@id":"https:\/\/omohonia.es\/en\/#\/schema\/logo\/image\/","url":"https:\/\/omohonia.es\/wp-content\/uploads\/2023\/02\/Imagen-de-WhatsApp-2023-02-22-a-las-16.04.14.png","contentUrl":"https:\/\/omohonia.es\/wp-content\/uploads\/2023\/02\/Imagen-de-WhatsApp-2023-02-22-a-las-16.04.14.png","width":842,"height":351,"caption":"JOMOLETEXTIL S.L."},"image":{"@id":"https:\/\/omohonia.es\/en\/#\/schema\/logo\/image\/"},"sameAs":["https:\/\/www.facebook.com\/p\/Omohonia-men-100069389871233\/?locale=es_ES"]}]}},"jetpack_sharing_enabled":true,"_links":{"self":[{"href":"https:\/\/omohonia.es\/en\/wp-json\/wp\/v2\/pages\/19344","targetHints":{"allow":["GET"]}}],"collection":[{"href":"https:\/\/omohonia.es\/en\/wp-json\/wp\/v2\/pages"}],"about":[{"href":"https:\/\/omohonia.es\/en\/wp-json\/wp\/v2\/types\/page"}],"author":[{"embeddable":true,"href":"https:\/\/omohonia.es\/en\/wp-json\/wp\/v2\/users\/169"}],"replies":[{"embeddable":true,"href":"https:\/\/omohonia.es\/en\/wp-json\/wp\/v2\/comments?post=19344"}],"version-history":[{"count":0,"href":"https:\/\/omohonia.es\/en\/wp-json\/wp\/v2\/pages\/19344\/revisions"}],"wp:attachment":[{"href":"https:\/\/omohonia.es\/en\/wp-json\/wp\/v2\/media?parent=19344"}],"curies":[{"name":"wp","href":"https:\/\/api.w.org\/{rel}","templated":true}]}}