{"id":18949,"date":"2024-06-28T18:46:20","date_gmt":"2024-06-28T16:46:20","guid":{"rendered":"https:\/\/omohonia.es\/pagina-de-compra-exitosa\/"},"modified":"2026-01-22T12:13:09","modified_gmt":"2026-01-22T11:13:09","slug":"pagina-de-compra-exitosa","status":"publish","type":"page","link":"https:\/\/omohonia.es\/en\/pagina-de-compra-exitosa\/","title":{"rendered":"Successful purchase page"},"content":{"rendered":"<p>[et_pb_section fb_built=&#8221;1&#8243; _builder_version=&#8221;4.25.2&#8243; _module_preset=&#8221;default&#8221; background_enable_image=&#8221;off&#8221; custom_padding=&#8221;5px||0px|||&#8221; global_colors_info=&#8221;{}&#8221;][et_pb_row _builder_version=&#8221;4.25.2&#8243; _module_preset=&#8221;default&#8221; background_enable_color=&#8221;off&#8221; custom_padding=&#8221;8px|||||&#8221; global_colors_info=&#8221;{}&#8221;][et_pb_column type=&#8221;4_4&#8243; _builder_version=&#8221;4.25.1&#8243; _module_preset=&#8221;default&#8221; global_colors_info=&#8221;{}&#8221;][et_pb_text _builder_version=&#8221;4.25.2&#8243; _module_preset=&#8221;default&#8221; global_colors_info=&#8221;{}&#8221;]<\/p>\n<h2 style=\"text-align: center;\"><strong>Successful purchase, we are already processing it.<\/strong><\/h2>\n<p>[\/et_pb_text][\/et_pb_column][\/et_pb_row][et_pb_row _builder_version=&#8221;4.25.2&#8243; _module_preset=&#8221;default&#8221; custom_padding=&#8221;36px|||||&#8221; global_colors_info=&#8221;{}&#8221;][et_pb_column type=&#8221;4_4&#8243; _builder_version=&#8221;4.25.1&#8243; _module_preset=&#8221;default&#8221; global_colors_info=&#8221;{}&#8221;][et_pb_image src=&#8221;https:\/\/omohonia.es\/wp-content\/uploads\/2026\/01\/nueva-coleccion-2026-de-bodysuits-de-Omohonia-y-de-compra-exitosa-2026.avif&#8221; alt=&#8221;Omohonia New collection and successfull purchase page&#8221; title_text=&#8221;Omohonia&#039;s new 2026 collection of bodysuits and successful shopping in 2026&#8243; align=&#8221;center&#8221; _builder_version=&#8221;4.27.5&#8243; _module_preset=&#8221;default&#8221; width=&#8221;66%&#8221; global_colors_info=&#8221;{}&#8221;][\/et_pb_image][\/et_pb_column][\/et_pb_row][\/et_pb_section][et_pb_section fb_built=&#8221;1&#8243; _builder_version=&#8221;4.25.1&#8243; _module_preset=&#8221;default&#8221; custom_padding=&#8221;0px|||||&#8221; global_colors_info=&#8221;{}&#8221;][et_pb_row _builder_version=&#8221;4.25.1&#8243; _module_preset=&#8221;default&#8221; custom_padding=&#8221;8px|||||&#8221; global_colors_info=&#8221;{}&#8221;][et_pb_column type=&#8221;4_4&#8243; _builder_version=&#8221;4.25.1&#8243; _module_preset=&#8221;default&#8221; global_colors_info=&#8221;{}&#8221;][et_pb_text _builder_version=&#8221;4.25.2&#8243; _module_preset=&#8221;default&#8221; min_height=&#8221;50.8px&#8221; global_colors_info=&#8221;{}&#8221;]<\/p>\n<div class=\"group\/conversation-turn relative flex w-full min-w-0 flex-col agent-turn\">\n<div class=\"flex-col gap-1 md:gap-3\">\n<div class=\"flex flex-grow flex-col max-w-full\">\n<div data-message-author-role=\"assistant\" data-message-id=\"89dfde36-2baf-48ba-b449-509af14a2b5a\" dir=\"auto\" class=\"min-h-[20px] text-message flex flex-col items-start whitespace-pre-wrap break-words [.text-message+&amp;]:mt-5 juice:w-full juice:items-end overflow-x-auto gap-2\">\n<div class=\"flex w-full flex-col gap-1 juice:empty:hidden juice:first:pt-[3px]\">\n<div class=\"markdown prose w-full break-words dark:prose-invert dark\">\n<h2 style=\"text-align: center;\">And since your purchase was successful, we always have more and more for you.<\/h2>\n<p>&nbsp;<\/p>\n<\/div>\n<\/div>\n<\/div>\n<\/div>\n<\/div>\n<\/div>\n<p>[\/et_pb_text][et_pb_shop type=&#8221;latest&#8221; _builder_version=&#8221;4.27.5&#8243; _module_preset=&#8221;default&#8221; global_colors_info=&#8221;{}&#8221;][\/et_pb_shop][\/et_pb_column][\/et_pb_row][et_pb_row _builder_version=&#8221;4.25.2&#8243; _module_preset=&#8221;default&#8221; custom_margin=&#8221;-13px|auto||auto||&#8221; global_colors_info=&#8221;{}&#8221;][et_pb_column type=&#8221;4_4&#8243; _builder_version=&#8221;4.25.2&#8243; _module_preset=&#8221;default&#8221; global_colors_info=&#8221;{}&#8221;][et_pb_text _builder_version=&#8221;4.27.5&#8243; _module_preset=&#8221;default&#8221; hover_enabled=&#8221;0&#8243; global_colors_info=&#8221;{}&#8221; sticky_enabled=&#8221;0&#8243;]<\/p>\n<p>Ven a visitarnos en <a href=\"https:\/\/todoestaenmadrid.com\/es\/shops\/omohonia\" target=\"_blank\" rel=\"noopener\"> <strong>Calle Pelayo 10, Madrid<\/strong> <\/a> y experimenta la esencia de Omohonia.<br \/>\nAqu\u00ed, la novedad, inclusi\u00f3n y libertad se entrelazan para ofrecerte una atm\u00f3sfera vibrante y acogedora, ideal para explorar y descubrir las \u00faltimas tendencias en moda.  <\/p>\n<p>No te pierdas nada de lo que tenemos para ti visitando nuestro <strong><br \/>\n  <a href=\"https:\/\/omohonia.es\/en\/blog-de-omohonia\/\" target=\"_blank\" rel=\"noopener\">Blog<\/a><br \/>\n<\/strong>, donde compartimos todas las novedades, informaci\u00f3n y sorpresas que preparamos constantemente.<br \/>\nEn Omohonia, estamos comprometidos con brindarte lo mejor, desde una calidad excepcional hasta una variedad impresionante de productos.<br \/>\nNuestras colecciones incluyen bodysuits, singlets, trikinis, camisetas, pants, tangas, underwear, ba\u00f1adores y mucho m\u00e1s, cada uno dise\u00f1ado para reflejar la diversidad y el estilo \u00fanico de quienes nos eligen.  <\/p>\n<p>If you have any questions, we are here to help. Please do not hesitate to call or email us. But the best thing would be to visit us at our physical store. Here, our team is ready to welcome you with the best vibes and ensure that your shopping experience is as comfortable and pleasant as possible. At Omohonia, we guarantee personalised attention and an atmosphere that will make you want to come back.    <\/p>\n<p>[\/et_pb_text][\/et_pb_column][\/et_pb_row][\/et_pb_section]<\/p>\n","protected":false},"excerpt":{"rendered":"<p>Omohonia, fashion that celebrates freedom, identity and desire. Designs for those who dare to live with pride and authenticity. From swimwear and harnesses to iconic garments for parties or intimacy, each piece is designed to express who you are without asking permission.<br \/>\nDress your attitude. Dress Omohonia.   <\/p>\n","protected":false},"author":3,"featured_media":35690,"parent":0,"menu_order":0,"comment_status":"closed","ping_status":"closed","template":"","meta":{"_et_pb_use_builder":"on","_et_pb_old_content":"","_et_gb_content_width":"","footnotes":""},"class_list":["post-18949","page","type-page","status-publish","has-post-thumbnail","hentry"],"yoast_head":"<!-- This site is optimized with the Yoast SEO plugin v27.1.1 - https:\/\/yoast.com\/product\/yoast-seo-wordpress\/ -->\n<title>Successful purchase page - Omohonia compra exitosa<\/title>\n<meta name=\"description\" content=\"Your purchase has been successful. Feel free to purchase other Omohonia products to expand your wardrobe and show off different styles, such as bodysuits...\" \/>\n<meta name=\"robots\" content=\"index, follow, max-snippet:-1, max-image-preview:large, max-video-preview:-1\" \/>\n<link rel=\"canonical\" href=\"https:\/\/omohonia.es\/en\/pagina-de-compra-exitosa\/\" \/>\n<meta property=\"og:locale\" content=\"en_US\" \/>\n<meta property=\"og:type\" content=\"article\" \/>\n<meta property=\"og:title\" content=\"Successful purchase page - Omohonia compra exitosa\" \/>\n<meta property=\"og:description\" content=\"Your purchase has been successful. Feel free to purchase other Omohonia products to expand your wardrobe and show off different styles, such as bodysuits...\" \/>\n<meta property=\"og:url\" content=\"https:\/\/omohonia.es\/en\/pagina-de-compra-exitosa\/\" \/>\n<meta property=\"og:site_name\" content=\"Omohonia\" \/>\n<meta property=\"article:publisher\" content=\"https:\/\/www.facebook.com\/p\/Omohonia-men-100069389871233\/?locale=es_ES\" \/>\n<meta property=\"article:modified_time\" content=\"2026-01-22T11:13:09+00:00\" \/>\n<meta property=\"og:image\" content=\"https:\/\/omohonia.es\/wp-content\/uploads\/2025\/11\/Bodys-de-Omohonia-Portada-2.webp\" \/>\n\t<meta property=\"og:image:width\" content=\"2560\" \/>\n\t<meta property=\"og:image:height\" content=\"2048\" \/>\n\t<meta property=\"og:image:type\" content=\"image\/webp\" \/>\n<meta name=\"twitter:card\" content=\"summary_large_image\" \/>\n<meta name=\"twitter:label1\" content=\"Est. reading time\" \/>\n\t<meta name=\"twitter:data1\" content=\"3 minutes\" \/>\n<script type=\"application\/ld+json\" class=\"yoast-schema-graph\">{\"@context\":\"https:\/\/schema.org\",\"@graph\":[{\"@type\":\"WebPage\",\"@id\":\"https:\/\/omohonia.es\/en\/pagina-de-compra-exitosa\/\",\"url\":\"https:\/\/omohonia.es\/en\/pagina-de-compra-exitosa\/\",\"name\":\"Successful purchase page - Omohonia compra exitosa\",\"isPartOf\":{\"@id\":\"https:\/\/omohonia.es\/en\/#website\"},\"primaryImageOfPage\":{\"@id\":\"https:\/\/omohonia.es\/en\/pagina-de-compra-exitosa\/#primaryimage\"},\"image\":{\"@id\":\"https:\/\/omohonia.es\/en\/pagina-de-compra-exitosa\/#primaryimage\"},\"thumbnailUrl\":\"https:\/\/omohonia.es\/wp-content\/uploads\/2025\/11\/Bodys-de-Omohonia-Portada-2.webp\",\"datePublished\":\"2024-06-28T16:46:20+00:00\",\"dateModified\":\"2026-01-22T11:13:09+00:00\",\"description\":\"Your purchase has been successful. Feel free to purchase other Omohonia products to expand your wardrobe and show off different styles, such as bodysuits...\",\"breadcrumb\":{\"@id\":\"https:\/\/omohonia.es\/en\/pagina-de-compra-exitosa\/#breadcrumb\"},\"inLanguage\":\"en-US\",\"potentialAction\":[{\"@type\":\"ReadAction\",\"target\":[\"https:\/\/omohonia.es\/en\/pagina-de-compra-exitosa\/\"]}]},{\"@type\":\"ImageObject\",\"inLanguage\":\"en-US\",\"@id\":\"https:\/\/omohonia.es\/en\/pagina-de-compra-exitosa\/#primaryimage\",\"url\":\"https:\/\/omohonia.es\/wp-content\/uploads\/2025\/11\/Bodys-de-Omohonia-Portada-2.webp\",\"contentUrl\":\"https:\/\/omohonia.es\/wp-content\/uploads\/2025\/11\/Bodys-de-Omohonia-Portada-2.webp\",\"width\":2560,\"height\":2048,\"caption\":\"Esta es una imagen de la nueva colecci\u00f3n de bodysuits de Omohonia\"},{\"@type\":\"BreadcrumbList\",\"@id\":\"https:\/\/omohonia.es\/en\/pagina-de-compra-exitosa\/#breadcrumb\",\"itemListElement\":[{\"@type\":\"ListItem\",\"position\":1,\"name\":\"Portada\",\"item\":\"https:\/\/omohonia.es\/en\/\"},{\"@type\":\"ListItem\",\"position\":2,\"name\":\"Successful purchase page\"}]},{\"@type\":\"WebSite\",\"@id\":\"https:\/\/omohonia.es\/en\/#website\",\"url\":\"https:\/\/omohonia.es\/en\/\",\"name\":\"Omohonia\",\"description\":\"Ba\u00f1adores y ropa interior producido en Espa\u00f1a\",\"publisher\":{\"@id\":\"https:\/\/omohonia.es\/en\/#organization\"},\"potentialAction\":[{\"@type\":\"SearchAction\",\"target\":{\"@type\":\"EntryPoint\",\"urlTemplate\":\"https:\/\/omohonia.es\/en\/?s={search_term_string}\"},\"query-input\":{\"@type\":\"PropertyValueSpecification\",\"valueRequired\":true,\"valueName\":\"search_term_string\"}}],\"inLanguage\":\"en-US\"},{\"@type\":\"Organization\",\"@id\":\"https:\/\/omohonia.es\/en\/#organization\",\"name\":\"JOMOLETEXTIL S.L.\",\"url\":\"https:\/\/omohonia.es\/en\/\",\"logo\":{\"@type\":\"ImageObject\",\"inLanguage\":\"en-US\",\"@id\":\"https:\/\/omohonia.es\/en\/#\/schema\/logo\/image\/\",\"url\":\"https:\/\/omohonia.es\/wp-content\/uploads\/2023\/02\/Imagen-de-WhatsApp-2023-02-22-a-las-16.04.14.png\",\"contentUrl\":\"https:\/\/omohonia.es\/wp-content\/uploads\/2023\/02\/Imagen-de-WhatsApp-2023-02-22-a-las-16.04.14.png\",\"width\":842,\"height\":351,\"caption\":\"JOMOLETEXTIL S.L.\"},\"image\":{\"@id\":\"https:\/\/omohonia.es\/en\/#\/schema\/logo\/image\/\"},\"sameAs\":[\"https:\/\/www.facebook.com\/p\/Omohonia-men-100069389871233\/?locale=es_ES\"]}]}<\/script>\n<!-- \/ Yoast SEO plugin. -->","yoast_head_json":{"title":"Successful purchase page - Omohonia compra exitosa","description":"Your purchase has been successful. Feel free to purchase other Omohonia products to expand your wardrobe and show off different styles, such as bodysuits...","robots":{"index":"index","follow":"follow","max-snippet":"max-snippet:-1","max-image-preview":"max-image-preview:large","max-video-preview":"max-video-preview:-1"},"canonical":"https:\/\/omohonia.es\/en\/pagina-de-compra-exitosa\/","og_locale":"en_US","og_type":"article","og_title":"Successful purchase page - Omohonia compra exitosa","og_description":"Your purchase has been successful. Feel free to purchase other Omohonia products to expand your wardrobe and show off different styles, such as bodysuits...","og_url":"https:\/\/omohonia.es\/en\/pagina-de-compra-exitosa\/","og_site_name":"Omohonia","article_publisher":"https:\/\/www.facebook.com\/p\/Omohonia-men-100069389871233\/?locale=es_ES","article_modified_time":"2026-01-22T11:13:09+00:00","og_image":[{"width":2560,"height":2048,"url":"https:\/\/omohonia.es\/wp-content\/uploads\/2025\/11\/Bodys-de-Omohonia-Portada-2.webp","type":"image\/webp"}],"twitter_card":"summary_large_image","twitter_misc":{"Est. reading time":"3 minutes"},"schema":{"@context":"https:\/\/schema.org","@graph":[{"@type":"WebPage","@id":"https:\/\/omohonia.es\/en\/pagina-de-compra-exitosa\/","url":"https:\/\/omohonia.es\/en\/pagina-de-compra-exitosa\/","name":"Successful purchase page - Omohonia compra exitosa","isPartOf":{"@id":"https:\/\/omohonia.es\/en\/#website"},"primaryImageOfPage":{"@id":"https:\/\/omohonia.es\/en\/pagina-de-compra-exitosa\/#primaryimage"},"image":{"@id":"https:\/\/omohonia.es\/en\/pagina-de-compra-exitosa\/#primaryimage"},"thumbnailUrl":"https:\/\/omohonia.es\/wp-content\/uploads\/2025\/11\/Bodys-de-Omohonia-Portada-2.webp","datePublished":"2024-06-28T16:46:20+00:00","dateModified":"2026-01-22T11:13:09+00:00","description":"Your purchase has been successful. Feel free to purchase other Omohonia products to expand your wardrobe and show off different styles, such as bodysuits...","breadcrumb":{"@id":"https:\/\/omohonia.es\/en\/pagina-de-compra-exitosa\/#breadcrumb"},"inLanguage":"en-US","potentialAction":[{"@type":"ReadAction","target":["https:\/\/omohonia.es\/en\/pagina-de-compra-exitosa\/"]}]},{"@type":"ImageObject","inLanguage":"en-US","@id":"https:\/\/omohonia.es\/en\/pagina-de-compra-exitosa\/#primaryimage","url":"https:\/\/omohonia.es\/wp-content\/uploads\/2025\/11\/Bodys-de-Omohonia-Portada-2.webp","contentUrl":"https:\/\/omohonia.es\/wp-content\/uploads\/2025\/11\/Bodys-de-Omohonia-Portada-2.webp","width":2560,"height":2048,"caption":"Esta es una imagen de la nueva colecci\u00f3n de bodysuits de Omohonia"},{"@type":"BreadcrumbList","@id":"https:\/\/omohonia.es\/en\/pagina-de-compra-exitosa\/#breadcrumb","itemListElement":[{"@type":"ListItem","position":1,"name":"Portada","item":"https:\/\/omohonia.es\/en\/"},{"@type":"ListItem","position":2,"name":"Successful purchase page"}]},{"@type":"WebSite","@id":"https:\/\/omohonia.es\/en\/#website","url":"https:\/\/omohonia.es\/en\/","name":"Omohonia","description":"Ba\u00f1adores y ropa interior producido en Espa\u00f1a","publisher":{"@id":"https:\/\/omohonia.es\/en\/#organization"},"potentialAction":[{"@type":"SearchAction","target":{"@type":"EntryPoint","urlTemplate":"https:\/\/omohonia.es\/en\/?s={search_term_string}"},"query-input":{"@type":"PropertyValueSpecification","valueRequired":true,"valueName":"search_term_string"}}],"inLanguage":"en-US"},{"@type":"Organization","@id":"https:\/\/omohonia.es\/en\/#organization","name":"JOMOLETEXTIL S.L.","url":"https:\/\/omohonia.es\/en\/","logo":{"@type":"ImageObject","inLanguage":"en-US","@id":"https:\/\/omohonia.es\/en\/#\/schema\/logo\/image\/","url":"https:\/\/omohonia.es\/wp-content\/uploads\/2023\/02\/Imagen-de-WhatsApp-2023-02-22-a-las-16.04.14.png","contentUrl":"https:\/\/omohonia.es\/wp-content\/uploads\/2023\/02\/Imagen-de-WhatsApp-2023-02-22-a-las-16.04.14.png","width":842,"height":351,"caption":"JOMOLETEXTIL S.L."},"image":{"@id":"https:\/\/omohonia.es\/en\/#\/schema\/logo\/image\/"},"sameAs":["https:\/\/www.facebook.com\/p\/Omohonia-men-100069389871233\/?locale=es_ES"]}]}},"jetpack_sharing_enabled":true,"_links":{"self":[{"href":"https:\/\/omohonia.es\/en\/wp-json\/wp\/v2\/pages\/18949","targetHints":{"allow":["GET"]}}],"collection":[{"href":"https:\/\/omohonia.es\/en\/wp-json\/wp\/v2\/pages"}],"about":[{"href":"https:\/\/omohonia.es\/en\/wp-json\/wp\/v2\/types\/page"}],"author":[{"embeddable":true,"href":"https:\/\/omohonia.es\/en\/wp-json\/wp\/v2\/users\/3"}],"replies":[{"embeddable":true,"href":"https:\/\/omohonia.es\/en\/wp-json\/wp\/v2\/comments?post=18949"}],"version-history":[{"count":6,"href":"https:\/\/omohonia.es\/en\/wp-json\/wp\/v2\/pages\/18949\/revisions"}],"predecessor-version":[{"id":38002,"href":"https:\/\/omohonia.es\/en\/wp-json\/wp\/v2\/pages\/18949\/revisions\/38002"}],"wp:featuredmedia":[{"embeddable":true,"href":"https:\/\/omohonia.es\/en\/wp-json\/wp\/v2\/media\/35690"}],"wp:attachment":[{"href":"https:\/\/omohonia.es\/en\/wp-json\/wp\/v2\/media?parent=18949"}],"curies":[{"name":"wp","href":"https:\/\/api.w.org\/{rel}","templated":true}]}}